{"id":615,"date":"2000-03-22T00:00:00","date_gmt":"2000-03-22T00:00:00","guid":{"rendered":"https:\/\/miners.rocks\/product\/133\/"},"modified":"2020-05-19T16:55:49","modified_gmt":"2020-05-19T16:55:49","slug":"gro%ef%ac%82e-boule-en-bois-petrifie","status":"publish","type":"product","link":"https:\/\/westgem.shop\/fr\/produit\/gro%ef%ac%82e-boule-en-bois-petrifie\/","title":{"rendered":"Grande BOULE en bois p\u00e9trifi\u00e9"},"content":{"rendered":"<p>Boule de 3 kg en bois p\u00e9trifi\u00e9 de Madagascar, polie \u00e0 la main. Un superbe point de mire pour votre bureau .....<\/p>\n<p>Diam\u00e8tre env. 14 cm. Livraison avec support de boule !<\/p>","protected":false},"excerpt":{"rendered":"<p>Boule de 3 kg en bois p\u00e9trifi\u00e9 de Madagascar, polie \u00e0 la main. Un superbe point de mire pour votre bureau ..... Diam\u00e8tre env. 14 cm, livraison avec support de boule !<\/p>","protected":false},"featured_media":616,"template":"","meta":{"_acf_changed":false},"region":[],"product_brand":[],"product_cat":[15],"product_tag":[],"class_list":{"0":"post-615","1":"product","2":"type-product","3":"status-publish","4":"has-post-thumbnail","6":"product_cat-mineralien","8":"first","9":"outofstock","10":"sold-individually","11":"product-type-simple"},"acf":[],"_links":{"self":[{"href":"https:\/\/westgem.shop\/fr\/wp-json\/wp\/v2\/product\/615","targetHints":{"allow":["GET"]}}],"collection":[{"href":"https:\/\/westgem.shop\/fr\/wp-json\/wp\/v2\/product"}],"about":[{"href":"https:\/\/westgem.shop\/fr\/wp-json\/wp\/v2\/types\/product"}],"wp:featuredmedia":[{"embeddable":true,"href":"https:\/\/westgem.shop\/fr\/wp-json\/wp\/v2\/media\/616"}],"wp:attachment":[{"href":"https:\/\/westgem.shop\/fr\/wp-json\/wp\/v2\/media?parent=615"}],"wp:term":[{"taxonomy":"region","embeddable":true,"href":"https:\/\/westgem.shop\/fr\/wp-json\/wp\/v2\/region?post=615"},{"taxonomy":"product_brand","embeddable":true,"href":"https:\/\/westgem.shop\/fr\/wp-json\/wp\/v2\/product_brand?post=615"},{"taxonomy":"product_cat","embeddable":true,"href":"https:\/\/westgem.shop\/fr\/wp-json\/wp\/v2\/product_cat?post=615"},{"taxonomy":"product_tag","embeddable":true,"href":"https:\/\/westgem.shop\/fr\/wp-json\/wp\/v2\/product_tag?post=615"}],"curies":[{"name":"wp","href":"https:\/\/api.w.org\/{rel}","templated":true}]}}