{"id":6150,"date":"2003-01-07T00:00:00","date_gmt":"2003-01-07T00:00:00","guid":{"rendered":"https:\/\/miners.rocks\/product\/mookait-2\/"},"modified":"2020-05-19T17:05:46","modified_gmt":"2020-05-19T17:05:46","slug":"mookait-2","status":"publish","type":"product","link":"https:\/\/westgem.shop\/fr\/produit\/mookait-2\/","title":{"rendered":"Mookait"},"content":{"rendered":"<p>Mookait<\/p>\n<p>Le nom vient de l'endroit o\u00f9 ces pierres ont \u00e9t\u00e9 trouv\u00e9es.<\/p>\n<p>MOOKA Country et c'est le SEUL site dans le monde entier<\/p>\n<p>La mooka\u00efte est un m\u00e9lange min\u00e9ral d'OPALITH, de CHALCEDONE et de PIERRE.<\/p>\n<p>Plus de 1 MILLIARDE D'ANS: !<\/p>\n<p>Trouv\u00e9 sur la rivi\u00e8re GASCOYNE \u00e0 MOOKA CREEK<\/p>\n<p>OUEST Australie<\/p>\n<p>Poids : 0,54 kilogramme Dimensions : 12 x 7 x 4 cm<\/p>","protected":false},"excerpt":{"rendered":"<p>Mookait Le nom vient de l'endroit o\u00f9 ces pierres ont \u00e9t\u00e9 trouv\u00e9es MOOKA Country et c'est le seul site au monde La mookait est un m\u00e9lange min\u00e9ral d'OPALITE, de CHALCEDONE et de PIERRE Plus de 1 MILLIARDE D'ANCIENS: ! Lieu de d\u00e9couverte est sur la rivi\u00e8re GASCOYNE \u00e0 MOOKA CREEK OUEST Australie Poids : 0,54 kilogrammes Dimensions : 12 x 7 [...]<\/p>","protected":false},"featured_media":6151,"template":"","meta":{"_acf_changed":false},"region":[],"product_brand":[],"product_cat":[15],"product_tag":[],"class_list":{"0":"post-6150","1":"product","2":"type-product","3":"status-publish","4":"has-post-thumbnail","6":"product_cat-mineralien","8":"first","9":"outofstock","10":"sold-individually","11":"product-type-simple"},"acf":[],"_links":{"self":[{"href":"https:\/\/westgem.shop\/fr\/wp-json\/wp\/v2\/product\/6150","targetHints":{"allow":["GET"]}}],"collection":[{"href":"https:\/\/westgem.shop\/fr\/wp-json\/wp\/v2\/product"}],"about":[{"href":"https:\/\/westgem.shop\/fr\/wp-json\/wp\/v2\/types\/product"}],"wp:featuredmedia":[{"embeddable":true,"href":"https:\/\/westgem.shop\/fr\/wp-json\/wp\/v2\/media\/6151"}],"wp:attachment":[{"href":"https:\/\/westgem.shop\/fr\/wp-json\/wp\/v2\/media?parent=6150"}],"wp:term":[{"taxonomy":"region","embeddable":true,"href":"https:\/\/westgem.shop\/fr\/wp-json\/wp\/v2\/region?post=6150"},{"taxonomy":"product_brand","embeddable":true,"href":"https:\/\/westgem.shop\/fr\/wp-json\/wp\/v2\/product_brand?post=6150"},{"taxonomy":"product_cat","embeddable":true,"href":"https:\/\/westgem.shop\/fr\/wp-json\/wp\/v2\/product_cat?post=6150"},{"taxonomy":"product_tag","embeddable":true,"href":"https:\/\/westgem.shop\/fr\/wp-json\/wp\/v2\/product_tag?post=6150"}],"curies":[{"name":"wp","href":"https:\/\/api.w.org\/{rel}","templated":true}]}}