{"id":6154,"date":"2003-01-08T00:00:00","date_gmt":"2003-01-08T00:00:00","guid":{"rendered":"https:\/\/miners.rocks\/product\/dioptas-xx-argentinien-3\/"},"modified":"2020-05-19T17:05:47","modified_gmt":"2020-05-19T17:05:47","slug":"dioptas-xx-argentine-3","status":"publish","type":"product","link":"https:\/\/westgem.shop\/fr\/produit\/dioptas-xx-argentine-3\/","title":{"rendered":"DIOPTAS xx - ARGENTINE"},"content":{"rendered":"<p>DIOPTAS = CUIVRE \u00c9MERAUDE.<\/p>\n<p>La derni\u00e8re marche d'un lot d'ARGENTINE.<\/p>\n<p>Cristaux DIOPTAS vert \u00e9meraude sur roche m\u00e8re.<\/p>\n<p>localisation de la trouvaille : TANTI - ARGENTINE<\/p>\n<p>Poids : 230 g Dimensions : 8 x 6 x 4 cm<\/p>","protected":false},"excerpt":{"rendered":"<p>DIOPTAS = CUIVRE \u00c9MERAUDE. Le dernier niveau d'un lot d'ARGENTINE. Cristaux de DIOPTAS vert \u00e9meraude sur roche m\u00e8re. Lieu de d\u00e9couverte : TANTI - ARGENTINE Poids : 230 g Dimensions : 8 x 6 x 4 cm<\/p>","protected":false},"featured_media":6155,"template":"","meta":{"_acf_changed":false},"region":[],"product_brand":[],"product_cat":[15],"product_tag":[],"class_list":{"0":"post-6154","1":"product","2":"type-product","3":"status-publish","4":"has-post-thumbnail","6":"product_cat-mineralien","8":"first","9":"outofstock","10":"sold-individually","11":"product-type-simple"},"acf":[],"_links":{"self":[{"href":"https:\/\/westgem.shop\/fr\/wp-json\/wp\/v2\/product\/6154","targetHints":{"allow":["GET"]}}],"collection":[{"href":"https:\/\/westgem.shop\/fr\/wp-json\/wp\/v2\/product"}],"about":[{"href":"https:\/\/westgem.shop\/fr\/wp-json\/wp\/v2\/types\/product"}],"wp:featuredmedia":[{"embeddable":true,"href":"https:\/\/westgem.shop\/fr\/wp-json\/wp\/v2\/media\/6155"}],"wp:attachment":[{"href":"https:\/\/westgem.shop\/fr\/wp-json\/wp\/v2\/media?parent=6154"}],"wp:term":[{"taxonomy":"region","embeddable":true,"href":"https:\/\/westgem.shop\/fr\/wp-json\/wp\/v2\/region?post=6154"},{"taxonomy":"product_brand","embeddable":true,"href":"https:\/\/westgem.shop\/fr\/wp-json\/wp\/v2\/product_brand?post=6154"},{"taxonomy":"product_cat","embeddable":true,"href":"https:\/\/westgem.shop\/fr\/wp-json\/wp\/v2\/product_cat?post=6154"},{"taxonomy":"product_tag","embeddable":true,"href":"https:\/\/westgem.shop\/fr\/wp-json\/wp\/v2\/product_tag?post=6154"}],"curies":[{"name":"wp","href":"https:\/\/api.w.org\/{rel}","templated":true}]}}