{"id":6159,"date":"2003-01-09T00:00:00","date_gmt":"2003-01-09T00:00:00","guid":{"rendered":"https:\/\/miners.rocks\/product\/mosquito-stone-opalith\/"},"modified":"2020-05-19T17:05:47","modified_gmt":"2020-05-19T17:05:47","slug":"mosquito-stone-opalith","status":"publish","type":"product","link":"https:\/\/westgem.shop\/fr\/produit\/mosquito-stone-opalith\/","title":{"rendered":"\" Mosquito Stone\" OPALITH"},"content":{"rendered":"<p>\"La \"Pierre \u00e0 Moustiques\" est une pierre de taille qui a \u00e9t\u00e9 utilis\u00e9e pour la fabrication de moustiquaires.<\/p>\n<p>DENDRITES CHALC\u00c9DOINE OPALITE<\/p>\n<\/p>\n<p>Les DENDRITES sombres sur l'OPALITH blanche donnent l'impression que des moustiques se sont pos\u00e9s dessus.<\/p>\n<\/p>\n<p>Le site de la d\u00e9couverte est la r\u00e9gion des Eastern Goldfields \u00e0<\/p>\n<\/p>\n<p>OUEST Australie<\/p>\n<p>Poids : 140 g Dimensions : 8 x 6 x 5 cm<\/p>","protected":false},"excerpt":{"rendered":"<p>\"La \"Pierre \u00e0 Moustiques\" est une OPALITE CHALCEDONE DENDRITE. Les DENDRITES sombres sur l'OPALITE blanche ressemblent \u00e0 des moustiques qui se posent dessus. Elle a \u00e9t\u00e9 trouv\u00e9e dans la r\u00e9gion des Eastern Goldfields en Australie OCCIDENTALE Poids : 140 g Dimensions : 8 x 6 x 5 cm<\/p>","protected":false},"featured_media":6160,"template":"","meta":{"_acf_changed":false},"region":[],"product_brand":[],"product_cat":[15],"product_tag":[],"class_list":{"0":"post-6159","1":"product","2":"type-product","3":"status-publish","4":"has-post-thumbnail","6":"product_cat-mineralien","8":"first","9":"outofstock","10":"sold-individually","11":"product-type-simple"},"acf":[],"_links":{"self":[{"href":"https:\/\/westgem.shop\/fr\/wp-json\/wp\/v2\/product\/6159","targetHints":{"allow":["GET"]}}],"collection":[{"href":"https:\/\/westgem.shop\/fr\/wp-json\/wp\/v2\/product"}],"about":[{"href":"https:\/\/westgem.shop\/fr\/wp-json\/wp\/v2\/types\/product"}],"wp:featuredmedia":[{"embeddable":true,"href":"https:\/\/westgem.shop\/fr\/wp-json\/wp\/v2\/media\/6160"}],"wp:attachment":[{"href":"https:\/\/westgem.shop\/fr\/wp-json\/wp\/v2\/media?parent=6159"}],"wp:term":[{"taxonomy":"region","embeddable":true,"href":"https:\/\/westgem.shop\/fr\/wp-json\/wp\/v2\/region?post=6159"},{"taxonomy":"product_brand","embeddable":true,"href":"https:\/\/westgem.shop\/fr\/wp-json\/wp\/v2\/product_brand?post=6159"},{"taxonomy":"product_cat","embeddable":true,"href":"https:\/\/westgem.shop\/fr\/wp-json\/wp\/v2\/product_cat?post=6159"},{"taxonomy":"product_tag","embeddable":true,"href":"https:\/\/westgem.shop\/fr\/wp-json\/wp\/v2\/product_tag?post=6159"}],"curies":[{"name":"wp","href":"https:\/\/api.w.org\/{rel}","templated":true}]}}