{"id":6163,"date":"2003-01-10T00:00:00","date_gmt":"2003-01-10T00:00:00","guid":{"rendered":"https:\/\/miners.rocks\/product\/mookait-3\/"},"modified":"2020-05-19T17:05:48","modified_gmt":"2020-05-19T17:05:48","slug":"mookait-3","status":"publish","type":"product","link":"https:\/\/westgem.shop\/fr\/produit\/mookait-3\/","title":{"rendered":"Mookait"},"content":{"rendered":"<p>La mooka\u00efte est une vari\u00e9t\u00e9 de quartz.<\/p>\n<p>CHALCEDON - OPALITH et CHERT =(PIERRE)<\/p>\n<p>Plus d'un millier d'ann\u00e9es.<\/p>\n<p>Le seul site au monde se trouve sur la rivi\u00e8re Gascogne - 'MOOKA Creek<\/p>\n<p>Australie de l'Ouest<\/p>\n<p>Poids : 240 g Dimensions : 8 x 7 x 5 cm<\/p>","protected":false},"excerpt":{"rendered":"<p>La mooka\u00efte est une vari\u00e9t\u00e9 de quartz. CHALCEDON - OPALITE et CHERT =(PIERRE) DE PLUS D'UN MILLIARDE D'ANS. Le seul site au monde se trouve sur la rivi\u00e8re Gascogne - 'MOOKA Creek Western Australia Poids : 240 g Dimensions : 8 x 7 x 5 cm<\/p>","protected":false},"featured_media":6164,"template":"","meta":{"_acf_changed":false},"region":[],"product_brand":[],"product_cat":[15],"product_tag":[],"class_list":{"0":"post-6163","1":"product","2":"type-product","3":"status-publish","4":"has-post-thumbnail","6":"product_cat-mineralien","8":"first","9":"outofstock","10":"sold-individually","11":"product-type-simple"},"acf":[],"_links":{"self":[{"href":"https:\/\/westgem.shop\/fr\/wp-json\/wp\/v2\/product\/6163","targetHints":{"allow":["GET"]}}],"collection":[{"href":"https:\/\/westgem.shop\/fr\/wp-json\/wp\/v2\/product"}],"about":[{"href":"https:\/\/westgem.shop\/fr\/wp-json\/wp\/v2\/types\/product"}],"wp:featuredmedia":[{"embeddable":true,"href":"https:\/\/westgem.shop\/fr\/wp-json\/wp\/v2\/media\/6164"}],"wp:attachment":[{"href":"https:\/\/westgem.shop\/fr\/wp-json\/wp\/v2\/media?parent=6163"}],"wp:term":[{"taxonomy":"region","embeddable":true,"href":"https:\/\/westgem.shop\/fr\/wp-json\/wp\/v2\/region?post=6163"},{"taxonomy":"product_brand","embeddable":true,"href":"https:\/\/westgem.shop\/fr\/wp-json\/wp\/v2\/product_brand?post=6163"},{"taxonomy":"product_cat","embeddable":true,"href":"https:\/\/westgem.shop\/fr\/wp-json\/wp\/v2\/product_cat?post=6163"},{"taxonomy":"product_tag","embeddable":true,"href":"https:\/\/westgem.shop\/fr\/wp-json\/wp\/v2\/product_tag?post=6163"}],"curies":[{"name":"wp","href":"https:\/\/api.w.org\/{rel}","templated":true}]}}