{"id":6171,"date":"2003-01-12T00:00:00","date_gmt":"2003-01-12T00:00:00","guid":{"rendered":"https:\/\/miners.rocks\/product\/tigereisen-suedafrika-5\/"},"modified":"2020-05-19T17:05:49","modified_gmt":"2020-05-19T17:05:49","slug":"voyage-tigre-afrique-du-sud-5","status":"publish","type":"product","link":"https:\/\/westgem.shop\/fr\/produit\/voyage-tigre-afrique-du-sud-5\/","title":{"rendered":"Voyages en tigre - AFRIQUE DU SUD"},"content":{"rendered":"<p>Le fer Tigre est un m\u00e9lange de min\u00e9raux contenant les \u00e9l\u00e9ments suivants :<\/p>\n<p>Marron <u>JASPIS<\/u><\/p>\n<p>Or brillant <u>Oeil de tigre <\/u>et<\/p>\n<p>Noir, veines m\u00e9talliques brillantes de <u>Magn\u00e9tite <\/u><\/p>\n<p>Les minerais ruban\u00e9s de magn\u00e9tite sont sortis de volcans sous-marins il y a environ 2,3 MILLIARDS d'ann\u00e9es, mais les autres \"ingr\u00e9dients\" ne se sont form\u00e9s qu'environ 1 MILLIARDE d'ann\u00e9es plus tard.<\/p>\n<p>Le lieu de d\u00e9couverte est la MINE DE FER BANDET \u00e0 TRANSVAAL<\/p>\n<p>AFRIQUE DU SUD<\/p>\n<p>290 g Dimensions : 11 x 8 x 4 cm<\/p>","protected":false},"excerpt":{"rendered":"<p>Le fer tigr\u00e9 est un m\u00e9lange de min\u00e9raux dont les composants sont : JASPIS brun Oeil de tigre dor\u00e9 et noir, veines m\u00e9talliques brillantes de magn\u00e9tite Les minerais de magn\u00e9tite en ruban sont sortis de volcans sous-marins il y a environ 2,3 MILLIARDS d'ann\u00e9es, mais les autres \"ingr\u00e9dients\" ne se sont form\u00e9s qu'environ 1 MILLIARDE d'ann\u00e9es plus tard. Le site est la mine de BANDET IRON MINE \u00e0 TRANSVAAL SUD [...].<\/p>","protected":false},"featured_media":6172,"template":"","meta":{"_acf_changed":false},"region":[],"product_brand":[],"product_cat":[15],"product_tag":[],"class_list":{"0":"post-6171","1":"product","2":"type-product","3":"status-publish","4":"has-post-thumbnail","6":"product_cat-mineralien","8":"first","9":"outofstock","10":"sold-individually","11":"product-type-simple"},"acf":[],"_links":{"self":[{"href":"https:\/\/westgem.shop\/fr\/wp-json\/wp\/v2\/product\/6171","targetHints":{"allow":["GET"]}}],"collection":[{"href":"https:\/\/westgem.shop\/fr\/wp-json\/wp\/v2\/product"}],"about":[{"href":"https:\/\/westgem.shop\/fr\/wp-json\/wp\/v2\/types\/product"}],"wp:featuredmedia":[{"embeddable":true,"href":"https:\/\/westgem.shop\/fr\/wp-json\/wp\/v2\/media\/6172"}],"wp:attachment":[{"href":"https:\/\/westgem.shop\/fr\/wp-json\/wp\/v2\/media?parent=6171"}],"wp:term":[{"taxonomy":"region","embeddable":true,"href":"https:\/\/westgem.shop\/fr\/wp-json\/wp\/v2\/region?post=6171"},{"taxonomy":"product_brand","embeddable":true,"href":"https:\/\/westgem.shop\/fr\/wp-json\/wp\/v2\/product_brand?post=6171"},{"taxonomy":"product_cat","embeddable":true,"href":"https:\/\/westgem.shop\/fr\/wp-json\/wp\/v2\/product_cat?post=6171"},{"taxonomy":"product_tag","embeddable":true,"href":"https:\/\/westgem.shop\/fr\/wp-json\/wp\/v2\/product_tag?post=6171"}],"curies":[{"name":"wp","href":"https:\/\/api.w.org\/{rel}","templated":true}]}}