{"id":6175,"date":"2003-01-13T00:00:00","date_gmt":"2003-01-13T00:00:00","guid":{"rendered":"https:\/\/miners.rocks\/product\/baeumchen-calcit-2\/"},"modified":"2020-05-19T17:05:49","modified_gmt":"2020-05-19T17:05:49","slug":"baeumchen-calcit-2","status":"publish","type":"product","link":"https:\/\/westgem.shop\/fr\/produit\/baeumchen-calcit-2\/","title":{"rendered":"\"Petit arbre\" CALCIT"},"content":{"rendered":"<p>RAREMENT VU !<\/p>\n<p>DENDRITE CALCITE \u00e9galement appel\u00e9e \"petit arbre\" CALCITE.<\/p>\n<p>Les DENDRITS MANGAN noirs sont incrust\u00e9s en 3 dimensions dans le calcaire blanc comme la neige et ressemblent \u00e0 de petits arbres.<\/p>\n<p>On le trouve dans les montagnes de l'Atlas en AFRIQUE DU NORD.<\/p>\n<p>Poids : 400 g Dimensions : 10 x7 x 5 cm<\/p>","protected":false},"excerpt":{"rendered":"<p>RARE \u00c0 VOIR ! DENDRITES CALCITES \u00e9galement appel\u00e9es \"petits arbres\" CALCITES. Les DENDRITES noires du MANGAN sont incrust\u00e9es en 3 dimensions dans le calcaire blanc comme la neige et ressemblent \u00e0 de petits arbres. Le site de la d\u00e9couverte se trouve dans les montagnes de l'Atlas en AFRIQUE DU NORD Poids : 400 g Dimensions : 10 x7 x 5 cm<\/p>","protected":false},"featured_media":6176,"template":"","meta":{"_acf_changed":false},"region":[],"product_brand":[],"product_cat":[15],"product_tag":[],"class_list":{"0":"post-6175","1":"product","2":"type-product","3":"status-publish","4":"has-post-thumbnail","6":"product_cat-mineralien","8":"first","9":"outofstock","10":"sold-individually","11":"product-type-simple"},"acf":[],"_links":{"self":[{"href":"https:\/\/westgem.shop\/fr\/wp-json\/wp\/v2\/product\/6175","targetHints":{"allow":["GET"]}}],"collection":[{"href":"https:\/\/westgem.shop\/fr\/wp-json\/wp\/v2\/product"}],"about":[{"href":"https:\/\/westgem.shop\/fr\/wp-json\/wp\/v2\/types\/product"}],"wp:featuredmedia":[{"embeddable":true,"href":"https:\/\/westgem.shop\/fr\/wp-json\/wp\/v2\/media\/6176"}],"wp:attachment":[{"href":"https:\/\/westgem.shop\/fr\/wp-json\/wp\/v2\/media?parent=6175"}],"wp:term":[{"taxonomy":"region","embeddable":true,"href":"https:\/\/westgem.shop\/fr\/wp-json\/wp\/v2\/region?post=6175"},{"taxonomy":"product_brand","embeddable":true,"href":"https:\/\/westgem.shop\/fr\/wp-json\/wp\/v2\/product_brand?post=6175"},{"taxonomy":"product_cat","embeddable":true,"href":"https:\/\/westgem.shop\/fr\/wp-json\/wp\/v2\/product_cat?post=6175"},{"taxonomy":"product_tag","embeddable":true,"href":"https:\/\/westgem.shop\/fr\/wp-json\/wp\/v2\/product_tag?post=6175"}],"curies":[{"name":"wp","href":"https:\/\/api.w.org\/{rel}","templated":true}]}}