{"id":618,"date":"2000-03-23T00:00:00","date_gmt":"2000-03-23T00:00:00","guid":{"rendered":"https:\/\/miners.rocks\/product\/134\/"},"modified":"2020-05-19T16:55:49","modified_gmt":"2020-05-19T16:55:49","slug":"cristal-de-roche-aa-sceptre-poli","status":"publish","type":"product","link":"https:\/\/westgem.shop\/fr\/produit\/cristal-de-roche-aa-sceptre-poli\/","title":{"rendered":"BERGKRISTALL AA Sceptre, poli"},"content":{"rendered":"<p>Cristal de roche transparent de premi\u00e8re qualit\u00e9 de Madagascar, taill\u00e9 et poli comme un sceptre.<\/p>\n<p>Poids : 144 grammes Dimensions : 9 x 4,5 x3 cm<\/p>","protected":false},"excerpt":{"rendered":"<p>Cristal de roche transparent de premi\u00e8re qualit\u00e9 de Madagascar, taill\u00e9 et poli comme cristal de sceptre. Poids : 144 grammes Dimensions : 9 x 4,5 x3 cm<\/p>","protected":false},"featured_media":619,"template":"","meta":{"_acf_changed":false},"region":[],"product_brand":[],"product_cat":[15],"product_tag":[],"class_list":{"0":"post-618","1":"product","2":"type-product","3":"status-publish","4":"has-post-thumbnail","6":"product_cat-mineralien","8":"first","9":"outofstock","10":"sold-individually","11":"product-type-simple"},"acf":[],"_links":{"self":[{"href":"https:\/\/westgem.shop\/fr\/wp-json\/wp\/v2\/product\/618","targetHints":{"allow":["GET"]}}],"collection":[{"href":"https:\/\/westgem.shop\/fr\/wp-json\/wp\/v2\/product"}],"about":[{"href":"https:\/\/westgem.shop\/fr\/wp-json\/wp\/v2\/types\/product"}],"wp:featuredmedia":[{"embeddable":true,"href":"https:\/\/westgem.shop\/fr\/wp-json\/wp\/v2\/media\/619"}],"wp:attachment":[{"href":"https:\/\/westgem.shop\/fr\/wp-json\/wp\/v2\/media?parent=618"}],"wp:term":[{"taxonomy":"region","embeddable":true,"href":"https:\/\/westgem.shop\/fr\/wp-json\/wp\/v2\/region?post=618"},{"taxonomy":"product_brand","embeddable":true,"href":"https:\/\/westgem.shop\/fr\/wp-json\/wp\/v2\/product_brand?post=618"},{"taxonomy":"product_cat","embeddable":true,"href":"https:\/\/westgem.shop\/fr\/wp-json\/wp\/v2\/product_cat?post=618"},{"taxonomy":"product_tag","embeddable":true,"href":"https:\/\/westgem.shop\/fr\/wp-json\/wp\/v2\/product_tag?post=618"}],"curies":[{"name":"wp","href":"https:\/\/api.w.org\/{rel}","templated":true}]}}