{"id":6180,"date":"2003-01-14T00:00:00","date_gmt":"2003-01-14T00:00:00","guid":{"rendered":"https:\/\/miners.rocks\/product\/versteinertes-holz-arizona-5\/"},"modified":"2020-05-19T17:05:50","modified_gmt":"2020-05-19T17:05:50","slug":"bois-petrifie-arizona-5","status":"publish","type":"product","link":"https:\/\/westgem.shop\/fr\/produit\/bois-petrifie-arizona-5\/","title":{"rendered":"Bois p\u00e9trifi\u00e9 - ARIZONA"},"content":{"rendered":"<p>Du site le plus c\u00e9l\u00e8bre pour le bois p\u00e9trifi\u00e9.<\/p>\n<p>FOR\u00caT P\u00c9TRIFI\u00c9E - HOLBROOK - ARIZONA<\/p>\n<p>Arbres AURACARIENS fossilis\u00e9s - plus de 200 millions d'ann\u00e9es.<\/p>\n<p>Pi\u00e8ce brute avec les couleurs typiques - ROUGE et JAUNE<\/p>\n<p>Poids : 310 g Dimensions : 10 x 7 x 5 cm<\/p>","protected":false},"excerpt":{"rendered":"<p>De ce qui est probablement le site le plus c\u00e9l\u00e8bre pour le bois p\u00e9trifi\u00e9. PETRIFIED FOREST - HOLBROOK - ARIZONA Arbres fossilis\u00e9s d'AURAKARIEN - plus de 200 millions d'ann\u00e9es. Pi\u00e8ce brute avec les couleurs typiques - ROUGE et JAUNE Poids : 310 g Dimensions : 10 x 7 x 5 cm<\/p>","protected":false},"featured_media":6181,"template":"","meta":{"_acf_changed":false},"region":[],"product_brand":[],"product_cat":[15],"product_tag":[],"class_list":{"0":"post-6180","1":"product","2":"type-product","3":"status-publish","4":"has-post-thumbnail","6":"product_cat-mineralien","8":"first","9":"outofstock","10":"sold-individually","11":"product-type-simple"},"acf":[],"_links":{"self":[{"href":"https:\/\/westgem.shop\/fr\/wp-json\/wp\/v2\/product\/6180","targetHints":{"allow":["GET"]}}],"collection":[{"href":"https:\/\/westgem.shop\/fr\/wp-json\/wp\/v2\/product"}],"about":[{"href":"https:\/\/westgem.shop\/fr\/wp-json\/wp\/v2\/types\/product"}],"wp:featuredmedia":[{"embeddable":true,"href":"https:\/\/westgem.shop\/fr\/wp-json\/wp\/v2\/media\/6181"}],"wp:attachment":[{"href":"https:\/\/westgem.shop\/fr\/wp-json\/wp\/v2\/media?parent=6180"}],"wp:term":[{"taxonomy":"region","embeddable":true,"href":"https:\/\/westgem.shop\/fr\/wp-json\/wp\/v2\/region?post=6180"},{"taxonomy":"product_brand","embeddable":true,"href":"https:\/\/westgem.shop\/fr\/wp-json\/wp\/v2\/product_brand?post=6180"},{"taxonomy":"product_cat","embeddable":true,"href":"https:\/\/westgem.shop\/fr\/wp-json\/wp\/v2\/product_cat?post=6180"},{"taxonomy":"product_tag","embeddable":true,"href":"https:\/\/westgem.shop\/fr\/wp-json\/wp\/v2\/product_tag?post=6180"}],"curies":[{"name":"wp","href":"https:\/\/api.w.org\/{rel}","templated":true}]}}