{"id":6184,"date":"2003-01-15T00:00:00","date_gmt":"2003-01-15T00:00:00","guid":{"rendered":"https:\/\/miners.rocks\/product\/verst-holz-arizona-2\/"},"modified":"2020-05-19T17:05:51","modified_gmt":"2020-05-19T17:05:51","slug":"verst-bois-arizona-2","status":"publish","type":"product","link":"https:\/\/westgem.shop\/fr\/produit\/verst-bois-arizona-2\/","title":{"rendered":"Verst. BOIS - ARIZONA"},"content":{"rendered":"<p>PI\u00c8CE ORIGINALE du fameux <\/p>\n<p>PETRIFIED FOREST \u00e0 HOLBROOK - ARIZONA - USA<\/p>\n<p>Arbres fossilis\u00e9s d'ARAUCARIE vieux de plus de 200 millions d'ann\u00e9es.<\/p>\n<p>Grande pi\u00e8ce brute avec les tons rouge-jaune typiques de ce site.<\/p>\n<p>Poids : 1,15 kilogramme Dimensions : 12 x 11 x 9 cm<\/p>","protected":false},"excerpt":{"rendered":"<p>PI\u00c8CE ORIGINALE provenant de la c\u00e9l\u00e8bre PETRIFIED FOREST \u00e0 HOLBROOK - ARIZONA - USA Arbres fossilis\u00e9s d'ARAUCARIE de plus de 200 millions d'ann\u00e9es. Grande pi\u00e8ce brute avec les tons rouge-jaune typiques de ce site - Poids : 1,15 kilogramme Dimensions : 12 x 11 x 9 cm<\/p>","protected":false},"featured_media":6185,"template":"","meta":{"_acf_changed":false},"region":[],"product_brand":[],"product_cat":[15],"product_tag":[],"class_list":{"0":"post-6184","1":"product","2":"type-product","3":"status-publish","4":"has-post-thumbnail","6":"product_cat-mineralien","8":"first","9":"outofstock","10":"sold-individually","11":"product-type-simple"},"acf":[],"_links":{"self":[{"href":"https:\/\/westgem.shop\/fr\/wp-json\/wp\/v2\/product\/6184","targetHints":{"allow":["GET"]}}],"collection":[{"href":"https:\/\/westgem.shop\/fr\/wp-json\/wp\/v2\/product"}],"about":[{"href":"https:\/\/westgem.shop\/fr\/wp-json\/wp\/v2\/types\/product"}],"wp:featuredmedia":[{"embeddable":true,"href":"https:\/\/westgem.shop\/fr\/wp-json\/wp\/v2\/media\/6185"}],"wp:attachment":[{"href":"https:\/\/westgem.shop\/fr\/wp-json\/wp\/v2\/media?parent=6184"}],"wp:term":[{"taxonomy":"region","embeddable":true,"href":"https:\/\/westgem.shop\/fr\/wp-json\/wp\/v2\/region?post=6184"},{"taxonomy":"product_brand","embeddable":true,"href":"https:\/\/westgem.shop\/fr\/wp-json\/wp\/v2\/product_brand?post=6184"},{"taxonomy":"product_cat","embeddable":true,"href":"https:\/\/westgem.shop\/fr\/wp-json\/wp\/v2\/product_cat?post=6184"},{"taxonomy":"product_tag","embeddable":true,"href":"https:\/\/westgem.shop\/fr\/wp-json\/wp\/v2\/product_tag?post=6184"}],"curies":[{"name":"wp","href":"https:\/\/api.w.org\/{rel}","templated":true}]}}