{"id":6190,"date":"2003-01-16T00:00:00","date_gmt":"2003-01-16T00:00:00","guid":{"rendered":"https:\/\/miners.rocks\/product\/erstklassige-baryt-xx-stufe\/"},"modified":"2020-05-19T17:05:52","modified_gmt":"2020-05-19T17:05:52","slug":"niveau-baryt-xx-de-premiere-qualite","status":"publish","type":"product","link":"https:\/\/westgem.shop\/fr\/produit\/niveau-baryt-xx-de-premiere-qualite\/","title":{"rendered":"PREMI\u00c8RE CLASSE BARYT xx niveau"},"content":{"rendered":"<p><u>Dreislar MINERAL DE POINTE<\/u><\/p>\n<p>Magnifique et tr\u00e8s grande marche BARYT de qualit\u00e9 mus\u00e9e<\/p>\n<p>BARYT xx = SCHWERSPAT = BARIUMSULFAT avec des CRISTALLES DE CUIVRE d'or brillants = CHALCOPYRIT - le tout sur une roche m\u00e8re BARYT rare, rose et rugueuse - PREMIERE !<\/p>\n<p>La mine de barytine \u00e0 DREISLAR - HOCHSAUERLAND - Nordrhein Westfahlen - ALLEMAGNE,<\/p>\n<p>a d\u00e9j\u00e0 \u00e9t\u00e9 ferm\u00e9, il n'y a pratiquement plus rien \u00e0 trouver sur les terrils, c'est pourquoi cette \u00e9tape est pour tout collectionneur l'une des derni\u00e8res occasions de mettre la main sur une telle pi\u00e8ce exceptionnelle provenant de ce site connu.<\/p>\n<p>Ces BARYTES se sont form\u00e9s il y a environ 50 millions d'ann\u00e9es. Le BARYT est notamment utilis\u00e9 comme \u00e9cran contre les radiations radioactives et les rayons X.<\/p>\n<p><u>Poids de ce niveau de splendeur : 11,2 KILOGRAMMES !<\/u><\/p>\n<p><u>Dimensions : 22 x 21 x 16 cm<\/u><\/p>","protected":false},"excerpt":{"rendered":"<p>Dreislar SPITZEN MINERAL Magnifique, tr\u00e8s grand niveau BARYT de qualit\u00e9 mus\u00e9e BARYT xx = SPATE LOURD = BARIUMSULFATE avec CRISTALLES DE CUIVRE = CHALCOPYRITE dor\u00e9 - le tout sur une rare roche m\u00e8re BARYT rose et rugueuse - UNE PREMI\u00c8RE CLASSE ! La mine de barytine \u00e0 DREISLAR - HOCHSAUERLAND - Nordrhein Westfahlen - ALLEMAGNE, a d\u00e9j\u00e0 \u00e9t\u00e9 ferm\u00e9e, sur les terrils il y a aussi [...].<\/p>","protected":false},"featured_media":6191,"template":"","meta":{"_acf_changed":false},"region":[],"product_brand":[],"product_cat":[15],"product_tag":[],"class_list":{"0":"post-6190","1":"product","2":"type-product","3":"status-publish","4":"has-post-thumbnail","6":"product_cat-mineralien","8":"first","9":"outofstock","10":"sold-individually","11":"product-type-simple"},"acf":[],"_links":{"self":[{"href":"https:\/\/westgem.shop\/fr\/wp-json\/wp\/v2\/product\/6190","targetHints":{"allow":["GET"]}}],"collection":[{"href":"https:\/\/westgem.shop\/fr\/wp-json\/wp\/v2\/product"}],"about":[{"href":"https:\/\/westgem.shop\/fr\/wp-json\/wp\/v2\/types\/product"}],"wp:featuredmedia":[{"embeddable":true,"href":"https:\/\/westgem.shop\/fr\/wp-json\/wp\/v2\/media\/6191"}],"wp:attachment":[{"href":"https:\/\/westgem.shop\/fr\/wp-json\/wp\/v2\/media?parent=6190"}],"wp:term":[{"taxonomy":"region","embeddable":true,"href":"https:\/\/westgem.shop\/fr\/wp-json\/wp\/v2\/region?post=6190"},{"taxonomy":"product_brand","embeddable":true,"href":"https:\/\/westgem.shop\/fr\/wp-json\/wp\/v2\/product_brand?post=6190"},{"taxonomy":"product_cat","embeddable":true,"href":"https:\/\/westgem.shop\/fr\/wp-json\/wp\/v2\/product_cat?post=6190"},{"taxonomy":"product_tag","embeddable":true,"href":"https:\/\/westgem.shop\/fr\/wp-json\/wp\/v2\/product_tag?post=6190"}],"curies":[{"name":"wp","href":"https:\/\/api.w.org\/{rel}","templated":true}]}}