{"id":6200,"date":"2003-01-17T00:00:00","date_gmt":"2003-01-17T00:00:00","guid":{"rendered":"https:\/\/miners.rocks\/product\/super-dreislar-stufe\/"},"modified":"2020-05-19T17:05:53","modified_gmt":"2020-05-19T17:05:53","slug":"super-niveau-troislar","status":"publish","type":"product","link":"https:\/\/westgem.shop\/fr\/produit\/super-niveau-troislar\/","title":{"rendered":"Super niveau DREISLAR"},"content":{"rendered":"<p>Voir aussi l'art. EM060<\/p>\n<p> DREISLAR Niveau de pointe !<\/p>\n<p>BARYT xx SPATE D'ARGENT avec CRISTAUX DE CUIVRE appliqu\u00e9s, brillants d'or<\/p>\n<p>Magnifique grande marche du c\u00e9l\u00e8bre site<\/p>\n<p>DREISLAR - HAUT-PARCOURS - Rh\u00e9nanie-du-Nord-Westphalie - ALLEMAGNE<\/p>\n<p>Poids de la marche :<u> 9,8 KILOGRAMMES !<\/u><\/p>\n<p>La derni\u00e8re image montre les marches du dessous.<\/p>\n<p><u>Dimensions : 32 x 26 cm !<\/u><\/p>","protected":false},"excerpt":{"rendered":"<p>Voir aussi l'art. EM060 DREISLAR Marchepied en pointe ! BARYT xx SCHWERSPAT avec des CRISTALLES DE CUIVRE dor\u00e9s et brillants Magnifique grande marche du c\u00e9l\u00e8bre site de DREISLAR - HOCHSAUERLAND - Nordrhein Westfahlen - DEUTSCHLAND Poids de la marche : 9,8 KILOGRAMMES ! La derni\u00e8re photo montre le dessous de la marche. Dimensions : 32 x 26 cm !<\/p>","protected":false},"featured_media":6201,"template":"","meta":{"_acf_changed":false},"region":[],"product_brand":[],"product_cat":[15],"product_tag":[],"class_list":{"0":"post-6200","1":"product","2":"type-product","3":"status-publish","4":"has-post-thumbnail","6":"product_cat-mineralien","8":"first","9":"outofstock","10":"sold-individually","11":"product-type-simple"},"acf":[],"_links":{"self":[{"href":"https:\/\/westgem.shop\/fr\/wp-json\/wp\/v2\/product\/6200","targetHints":{"allow":["GET"]}}],"collection":[{"href":"https:\/\/westgem.shop\/fr\/wp-json\/wp\/v2\/product"}],"about":[{"href":"https:\/\/westgem.shop\/fr\/wp-json\/wp\/v2\/types\/product"}],"wp:featuredmedia":[{"embeddable":true,"href":"https:\/\/westgem.shop\/fr\/wp-json\/wp\/v2\/media\/6201"}],"wp:attachment":[{"href":"https:\/\/westgem.shop\/fr\/wp-json\/wp\/v2\/media?parent=6200"}],"wp:term":[{"taxonomy":"region","embeddable":true,"href":"https:\/\/westgem.shop\/fr\/wp-json\/wp\/v2\/region?post=6200"},{"taxonomy":"product_brand","embeddable":true,"href":"https:\/\/westgem.shop\/fr\/wp-json\/wp\/v2\/product_brand?post=6200"},{"taxonomy":"product_cat","embeddable":true,"href":"https:\/\/westgem.shop\/fr\/wp-json\/wp\/v2\/product_cat?post=6200"},{"taxonomy":"product_tag","embeddable":true,"href":"https:\/\/westgem.shop\/fr\/wp-json\/wp\/v2\/product_tag?post=6200"}],"curies":[{"name":"wp","href":"https:\/\/api.w.org\/{rel}","templated":true}]}}