{"id":6206,"date":"2003-01-18T00:00:00","date_gmt":"2003-01-18T00:00:00","guid":{"rendered":"https:\/\/miners.rocks\/product\/schwerspat-baryt-xx-1a-stufe\/"},"modified":"2020-05-19T17:05:54","modified_gmt":"2020-05-19T17:05:54","slug":"barytine-baryt-xx-1a-niveau","status":"publish","type":"product","link":"https:\/\/westgem.shop\/fr\/produit\/barytine-baryt-xx-1a-niveau\/","title":{"rendered":"Barytine BARYT xx 1A niveau"},"content":{"rendered":"<p>De la c\u00e9l\u00e8bre mine DREISLAR !<\/p>\n<p><u>NIVEAU TOP absolu - qualit\u00e9 mus\u00e9e !<\/u><\/p>\n<p>BARYT xx - cristaux de SCHWERSPAT avec CHALCOPYRIT xx = KUPFERKIES dor\u00e9, sur une rare roche m\u00e8re BARYT rose et rugueuse.<\/p>\n<p>L'exploitation mini\u00e8re est ferm\u00e9e, on ne trouve plus rien sur les terrils....NTS.<\/p>\n<p>Les collectionneurs de min\u00e9raux qui n'ont pas encore de BARYTE de premi\u00e8re qualit\u00e9 devraient sauter sur l'occasion, de tels niveaux ne seront PLUS aussi faciles \u00e0 obtenir.<\/p>\n<p>localisation de la trouvaille : Mine de barytine de Dreislar - HAUT-SAUERLAND -<\/p>\n<p> NR Westphalie - ALLEMAGNE<\/p>\n<p><u>Poids : 3,2 KILOGRAMMES Dimensions : 20 x 11 x 10 cm<\/u><\/p>\n<p><u>TOP PRIX DE COLLECTION !<\/u><\/p>","protected":false},"excerpt":{"rendered":"<p>De la c\u00e9l\u00e8bre mine DREISLAR ! NIVEAU TOP absolu - qualit\u00e9 mus\u00e9e ! BARYT xx - cristaux de SCHWERSPAT avec CHALCOPYRIT xx = KUPFERKIES dor\u00e9, sur une rare roche m\u00e8re BARYT rose et rugueuse. L'exploitation mini\u00e8re est ferm\u00e9e, on ne trouve plus rien sur les terrils....NTS. Les collectionneurs de min\u00e9raux qui n'ont pas encore de BARYTES de premi\u00e8re qualit\u00e9 devraient sauter sur l'occasion, de tels niveaux ne sont PLUS [...].<\/p>","protected":false},"featured_media":6207,"template":"","meta":{"_acf_changed":false},"region":[],"product_brand":[],"product_cat":[15],"product_tag":[],"class_list":{"0":"post-6206","1":"product","2":"type-product","3":"status-publish","4":"has-post-thumbnail","6":"product_cat-mineralien","8":"first","9":"outofstock","10":"sold-individually","11":"product-type-simple"},"acf":[],"_links":{"self":[{"href":"https:\/\/westgem.shop\/fr\/wp-json\/wp\/v2\/product\/6206","targetHints":{"allow":["GET"]}}],"collection":[{"href":"https:\/\/westgem.shop\/fr\/wp-json\/wp\/v2\/product"}],"about":[{"href":"https:\/\/westgem.shop\/fr\/wp-json\/wp\/v2\/types\/product"}],"wp:featuredmedia":[{"embeddable":true,"href":"https:\/\/westgem.shop\/fr\/wp-json\/wp\/v2\/media\/6207"}],"wp:attachment":[{"href":"https:\/\/westgem.shop\/fr\/wp-json\/wp\/v2\/media?parent=6206"}],"wp:term":[{"taxonomy":"region","embeddable":true,"href":"https:\/\/westgem.shop\/fr\/wp-json\/wp\/v2\/region?post=6206"},{"taxonomy":"product_brand","embeddable":true,"href":"https:\/\/westgem.shop\/fr\/wp-json\/wp\/v2\/product_brand?post=6206"},{"taxonomy":"product_cat","embeddable":true,"href":"https:\/\/westgem.shop\/fr\/wp-json\/wp\/v2\/product_cat?post=6206"},{"taxonomy":"product_tag","embeddable":true,"href":"https:\/\/westgem.shop\/fr\/wp-json\/wp\/v2\/product_tag?post=6206"}],"curies":[{"name":"wp","href":"https:\/\/api.w.org\/{rel}","templated":true}]}}