{"id":621,"date":"2000-03-24T00:00:00","date_gmt":"2000-03-24T00:00:00","guid":{"rendered":"https:\/\/miners.rocks\/product\/136\/"},"modified":"2020-05-19T16:55:49","modified_gmt":"2020-05-19T16:55:49","slug":"cristal-de-roche-de-madagascar-aa-freeform","status":"publish","type":"product","link":"https:\/\/westgem.shop\/fr\/produit\/cristal-de-roche-de-madagascar-aa-freeform\/","title":{"rendered":"CRISTAL DE MONTAGNE de Madagascar AA Freeform"},"content":{"rendered":"<p>Coupe Freeform tr\u00e8s transparente, tr\u00e8s grande et d\u00e9corative.<\/p>\n<p>La mati\u00e8re premi\u00e8re a \u00e9t\u00e9 trouv\u00e9e \u00e0 Madagascar, d'o\u00f9 provient la meilleure qualit\u00e9 de quartz monocristallin taillable.<\/p>\n<p>Poids : 460 grammes ( 0,64 kg) Dimensions : 13 x 5,5 x 3,5 cm<\/p>","protected":false},"excerpt":{"rendered":"<p>Coupe Freeform tr\u00e8s transparente, tr\u00e8s grande et d\u00e9corative. La mati\u00e8re premi\u00e8re a \u00e9t\u00e9 trouv\u00e9e \u00e0 Madagascar, d'o\u00f9 provient la meilleure qualit\u00e9 de quartz monocristallin taillable. Poids : 460 grammes ( 0,64 kg) Dimensions : 13 x 5,5 x 3,5 cm<\/p>","protected":false},"featured_media":622,"template":"","meta":{"_acf_changed":false},"region":[],"product_brand":[],"product_cat":[15],"product_tag":[],"class_list":{"0":"post-621","1":"product","2":"type-product","3":"status-publish","4":"has-post-thumbnail","6":"product_cat-mineralien","8":"first","9":"outofstock","10":"sold-individually","11":"product-type-simple"},"acf":[],"_links":{"self":[{"href":"https:\/\/westgem.shop\/fr\/wp-json\/wp\/v2\/product\/621","targetHints":{"allow":["GET"]}}],"collection":[{"href":"https:\/\/westgem.shop\/fr\/wp-json\/wp\/v2\/product"}],"about":[{"href":"https:\/\/westgem.shop\/fr\/wp-json\/wp\/v2\/types\/product"}],"wp:featuredmedia":[{"embeddable":true,"href":"https:\/\/westgem.shop\/fr\/wp-json\/wp\/v2\/media\/622"}],"wp:attachment":[{"href":"https:\/\/westgem.shop\/fr\/wp-json\/wp\/v2\/media?parent=621"}],"wp:term":[{"taxonomy":"region","embeddable":true,"href":"https:\/\/westgem.shop\/fr\/wp-json\/wp\/v2\/region?post=621"},{"taxonomy":"product_brand","embeddable":true,"href":"https:\/\/westgem.shop\/fr\/wp-json\/wp\/v2\/product_brand?post=621"},{"taxonomy":"product_cat","embeddable":true,"href":"https:\/\/westgem.shop\/fr\/wp-json\/wp\/v2\/product_cat?post=621"},{"taxonomy":"product_tag","embeddable":true,"href":"https:\/\/westgem.shop\/fr\/wp-json\/wp\/v2\/product_tag?post=621"}],"curies":[{"name":"wp","href":"https:\/\/api.w.org\/{rel}","templated":true}]}}