{"id":6213,"date":"2003-01-19T00:00:00","date_gmt":"2003-01-19T00:00:00","guid":{"rendered":"https:\/\/miners.rocks\/product\/hochalpin-calcit-xx-adular-xx\/"},"modified":"2020-05-19T17:05:54","modified_gmt":"2020-05-19T17:05:54","slug":"haut-alpin-calcite-xx-adular-xx","status":"publish","type":"product","link":"https:\/\/westgem.shop\/fr\/produit\/haut-alpin-calcite-xx-adular-xx\/","title":{"rendered":"Hautes Alpes CALCIT xx ADULAR xx"},"content":{"rendered":"<p><u>R\u00c9SERV\u00c9 !<\/u><\/p>\n<p>Etage cristallin des hautes Alpes - paragen\u00e8se :<\/p>\n<p>Cristaux de CALCITE tr\u00e8s brillants avec ADULAR xx blanc et CHLORITE xx verd\u00e2tre<\/p>\n<p>La marche poss\u00e8de une brillance globale incroyable, qui ne peut malheureusement pas \u00eatre rendue par la technique photographique.<\/p>\n<p>D\u00e9couverte dans une fissure au SCHWARZKOPF ( 3.171 m ) - Groupe ANKOGEL dans les HAUTES TAURES<\/p>\n<p>Poids : 0,6 kilogramme Dimensions : 12 x 9 x 8 cm<\/p>\n<p>La derni\u00e8re photo montre une ambiance de soir\u00e9e dans le sud de la Carinthie.<\/p>","protected":false},"excerpt":{"rendered":"<p>RESERVE ! Etage cristallin des hautes Alpes - Paragen\u00e8se : Cristaux de CALCITE tr\u00e8s brillants avec ADULAR xx blanc et CHLORITE xx verd\u00e2tre L'\u00e9tage poss\u00e8de un \u00e9clat global incroyable, qui ne peut malheureusement pas \u00eatre rendu par la technique photographique. D\u00e9couverte dans une fissure au SCHWARZKOPF ( 3.171 m ) - Groupe ANKOGEL dans les HAUTES TAUERN Poids : 0,6 kilogramme Dimensions : 12 x 9 [...].<\/p>","protected":false},"featured_media":6214,"template":"","meta":{"_acf_changed":false},"region":[],"product_brand":[],"product_cat":[15],"product_tag":[],"class_list":{"0":"post-6213","1":"product","2":"type-product","3":"status-publish","4":"has-post-thumbnail","6":"product_cat-mineralien","8":"first","9":"outofstock","10":"sold-individually","11":"product-type-simple"},"acf":[],"_links":{"self":[{"href":"https:\/\/westgem.shop\/fr\/wp-json\/wp\/v2\/product\/6213","targetHints":{"allow":["GET"]}}],"collection":[{"href":"https:\/\/westgem.shop\/fr\/wp-json\/wp\/v2\/product"}],"about":[{"href":"https:\/\/westgem.shop\/fr\/wp-json\/wp\/v2\/types\/product"}],"wp:featuredmedia":[{"embeddable":true,"href":"https:\/\/westgem.shop\/fr\/wp-json\/wp\/v2\/media\/6214"}],"wp:attachment":[{"href":"https:\/\/westgem.shop\/fr\/wp-json\/wp\/v2\/media?parent=6213"}],"wp:term":[{"taxonomy":"region","embeddable":true,"href":"https:\/\/westgem.shop\/fr\/wp-json\/wp\/v2\/region?post=6213"},{"taxonomy":"product_brand","embeddable":true,"href":"https:\/\/westgem.shop\/fr\/wp-json\/wp\/v2\/product_brand?post=6213"},{"taxonomy":"product_cat","embeddable":true,"href":"https:\/\/westgem.shop\/fr\/wp-json\/wp\/v2\/product_cat?post=6213"},{"taxonomy":"product_tag","embeddable":true,"href":"https:\/\/westgem.shop\/fr\/wp-json\/wp\/v2\/product_tag?post=6213"}],"curies":[{"name":"wp","href":"https:\/\/api.w.org\/{rel}","templated":true}]}}