{"id":6218,"date":"2003-01-20T00:00:00","date_gmt":"2003-01-20T00:00:00","guid":{"rendered":"https:\/\/miners.rocks\/product\/steinsalz-halit-xx-mit-selenit-xx\/"},"modified":"2020-05-19T17:05:55","modified_gmt":"2020-05-19T17:05:55","slug":"sel-gemme-halite-xx-avec-selenite-xx","status":"publish","type":"product","link":"https:\/\/westgem.shop\/fr\/produit\/sel-gemme-halite-xx-avec-selenite-xx\/","title":{"rendered":"STEINSALZ HALIT xx avec SELENIT xx"},"content":{"rendered":"<p>Tr\u00e8s beau niveau - rarement vu en Europe !<\/p>\n<p>HALITE blanche xx = SELENIT xx avec SELENIT xx orange sur le dessus<\/p>\n<p>Le grand cristal de SELENIT poss\u00e8de les faces terminales en \"queue d'aronde\" typiques de ce min\u00e9ral.<\/p>\n<p>Le lieu de d\u00e9couverte est la SALINA de PARACAS \u00e0 PISCO - PERU<\/p>\n<p>Le poids de la marche est de 450 g Dim, ; 13 x 8 x 10 cm le cristal SELENIT mesure environ 3 cm de haut.<\/p>","protected":false},"excerpt":{"rendered":"<p>Tr\u00e8s beau niveau - rarement vu en Europe ! HALITE blanche xx = SELENIT xx avec des cristaux de SELENIT xx de couleur orange. Le grand cristal de SELENIT poss\u00e8de les faces terminales en \"queue d'aronde\" typiques de ce min\u00e9ral. La d\u00e9couverte a eu lieu \u00e0 la SALINA de PARACAS \u00e0 PISCO - PERU Le poids de la marche est de 450 g Dim, ; 13 x 8 x 10 [...].<\/p>","protected":false},"featured_media":6219,"template":"","meta":{"_acf_changed":false},"region":[],"product_brand":[],"product_cat":[15],"product_tag":[],"class_list":{"0":"post-6218","1":"product","2":"type-product","3":"status-publish","4":"has-post-thumbnail","6":"product_cat-mineralien","8":"first","9":"outofstock","10":"sold-individually","11":"product-type-simple"},"acf":[],"_links":{"self":[{"href":"https:\/\/westgem.shop\/fr\/wp-json\/wp\/v2\/product\/6218","targetHints":{"allow":["GET"]}}],"collection":[{"href":"https:\/\/westgem.shop\/fr\/wp-json\/wp\/v2\/product"}],"about":[{"href":"https:\/\/westgem.shop\/fr\/wp-json\/wp\/v2\/types\/product"}],"wp:featuredmedia":[{"embeddable":true,"href":"https:\/\/westgem.shop\/fr\/wp-json\/wp\/v2\/media\/6219"}],"wp:attachment":[{"href":"https:\/\/westgem.shop\/fr\/wp-json\/wp\/v2\/media?parent=6218"}],"wp:term":[{"taxonomy":"region","embeddable":true,"href":"https:\/\/westgem.shop\/fr\/wp-json\/wp\/v2\/region?post=6218"},{"taxonomy":"product_brand","embeddable":true,"href":"https:\/\/westgem.shop\/fr\/wp-json\/wp\/v2\/product_brand?post=6218"},{"taxonomy":"product_cat","embeddable":true,"href":"https:\/\/westgem.shop\/fr\/wp-json\/wp\/v2\/product_cat?post=6218"},{"taxonomy":"product_tag","embeddable":true,"href":"https:\/\/westgem.shop\/fr\/wp-json\/wp\/v2\/product_tag?post=6218"}],"curies":[{"name":"wp","href":"https:\/\/api.w.org\/{rel}","templated":true}]}}