{"id":6223,"date":"2003-01-21T00:00:00","date_gmt":"2003-01-21T00:00:00","guid":{"rendered":"https:\/\/miners.rocks\/product\/selenit-xx-und-halit-xx-2\/"},"modified":"2020-05-19T17:05:55","modified_gmt":"2020-05-19T17:05:55","slug":"selenite-xx-et-halite-xx-2","status":"publish","type":"product","link":"https:\/\/westgem.shop\/fr\/produit\/selenite-xx-et-halite-xx-2\/","title":{"rendered":"SELENIT xx et HALIT xx"},"content":{"rendered":"<p>Rarement vu en Europe.<\/p>\n<p>STEINSALZ - HALIT avec SELENIT xx de couleur orange<\/p>\n<p>Salinba de Paracas en PISCO - P\u00c9ROU<\/p>\n<p>Cette mine de sel est situ\u00e9e directement sur l'OC\u00c9AN PACIFIQUE <\/p>\n<p>Poids : 290 g Dimensions:10 x 8 x 6 cm<\/p>","protected":false},"excerpt":{"rendered":"<p>Rare \u00e0 voir en Europe. SALINE DE PIERRE - HALITE avec SELENITE orange xx Salinba de Paracas \u00e0 PISCO - PERU Cette mine de sel se trouve directement sur l'OC\u00c9AN PACIFIQUE Poids : 290 g Dimensions:10 x 8 x 6 cm<\/p>","protected":false},"featured_media":6224,"template":"","meta":{"_acf_changed":false},"region":[],"product_brand":[],"product_cat":[15],"product_tag":[],"class_list":{"0":"post-6223","1":"product","2":"type-product","3":"status-publish","4":"has-post-thumbnail","6":"product_cat-mineralien","8":"first","9":"outofstock","10":"sold-individually","11":"product-type-simple"},"acf":[],"_links":{"self":[{"href":"https:\/\/westgem.shop\/fr\/wp-json\/wp\/v2\/product\/6223","targetHints":{"allow":["GET"]}}],"collection":[{"href":"https:\/\/westgem.shop\/fr\/wp-json\/wp\/v2\/product"}],"about":[{"href":"https:\/\/westgem.shop\/fr\/wp-json\/wp\/v2\/types\/product"}],"wp:featuredmedia":[{"embeddable":true,"href":"https:\/\/westgem.shop\/fr\/wp-json\/wp\/v2\/media\/6224"}],"wp:attachment":[{"href":"https:\/\/westgem.shop\/fr\/wp-json\/wp\/v2\/media?parent=6223"}],"wp:term":[{"taxonomy":"region","embeddable":true,"href":"https:\/\/westgem.shop\/fr\/wp-json\/wp\/v2\/region?post=6223"},{"taxonomy":"product_brand","embeddable":true,"href":"https:\/\/westgem.shop\/fr\/wp-json\/wp\/v2\/product_brand?post=6223"},{"taxonomy":"product_cat","embeddable":true,"href":"https:\/\/westgem.shop\/fr\/wp-json\/wp\/v2\/product_cat?post=6223"},{"taxonomy":"product_tag","embeddable":true,"href":"https:\/\/westgem.shop\/fr\/wp-json\/wp\/v2\/product_tag?post=6223"}],"curies":[{"name":"wp","href":"https:\/\/api.w.org\/{rel}","templated":true}]}}