{"id":6228,"date":"2003-01-22T00:00:00","date_gmt":"2003-01-22T00:00:00","guid":{"rendered":"https:\/\/miners.rocks\/product\/bornit-mexiko-2\/"},"modified":"2020-05-19T17:05:56","modified_gmt":"2020-05-19T17:05:56","slug":"bornit-mexico-3","status":"publish","type":"product","link":"https:\/\/westgem.shop\/fr\/produit\/bornit-mexico-3\/","title":{"rendered":"BORNIT - Mexique"},"content":{"rendered":"<p>BORNIT = CUIVRE DE CUIVRE COLOR\u00c9E ou GLA\u00c7AGE DE CUIVRE avec la formule chimique : Cu5FeS4<\/p>\n<p>Le pourcentage de CUPFER dans le BORNIT est en moyenne sup\u00e9rieur \u00e0 60%<\/p>\n<p>De couleur bronze bleut\u00e9 \u00e0 violet avec des ternissures multicolores - les parties color\u00e9es en or sont CHALCOPYRIT.<\/p>\n<p>Nos pi\u00e8ces sont purement NATURELLES et ne sont pas trait\u00e9es \u00e0 l'acide, comme c'est g\u00e9n\u00e9ralement le cas pour renforcer les couleurs.<\/p>\n<p>Le site de la d\u00e9couverte est la MINE SAN MIGUEL \u00e0 ZACATECAS - Mexique<\/p>\n<p>Poids : 400 g Dimensions : 10 x 7 x 4 cm<\/p>","protected":false},"excerpt":{"rendered":"<p>BORNIT = KUPFERKIES COULEURS ou GALVANISATION DE CUPFER avec la formule chimique : Cu5FeS4 La proportion de CUIVRE dans la BORNITE est en moyenne sup\u00e9rieure \u00e0 60%, de couleur bronze bleut\u00e9 \u00e0 violet avec des ternissures multicolores - les parties dor\u00e9es sont de la CHALCOPYRITE. Nos pi\u00e8ces sont purement NATURELLES et ne sont pas trait\u00e9es \u00e0 l'acide, comme c'est g\u00e9n\u00e9ralement le cas pour renforcer les couleurs. Le site de la mine SAN MIGUEL \u00e0 ZACATECAS [...].<\/p>","protected":false},"featured_media":6229,"template":"","meta":{"_acf_changed":false},"region":[],"product_brand":[],"product_cat":[15],"product_tag":[],"class_list":{"0":"post-6228","1":"product","2":"type-product","3":"status-publish","4":"has-post-thumbnail","6":"product_cat-mineralien","8":"first","9":"outofstock","10":"sold-individually","11":"product-type-simple"},"acf":[],"_links":{"self":[{"href":"https:\/\/westgem.shop\/fr\/wp-json\/wp\/v2\/product\/6228","targetHints":{"allow":["GET"]}}],"collection":[{"href":"https:\/\/westgem.shop\/fr\/wp-json\/wp\/v2\/product"}],"about":[{"href":"https:\/\/westgem.shop\/fr\/wp-json\/wp\/v2\/types\/product"}],"wp:featuredmedia":[{"embeddable":true,"href":"https:\/\/westgem.shop\/fr\/wp-json\/wp\/v2\/media\/6229"}],"wp:attachment":[{"href":"https:\/\/westgem.shop\/fr\/wp-json\/wp\/v2\/media?parent=6228"}],"wp:term":[{"taxonomy":"region","embeddable":true,"href":"https:\/\/westgem.shop\/fr\/wp-json\/wp\/v2\/region?post=6228"},{"taxonomy":"product_brand","embeddable":true,"href":"https:\/\/westgem.shop\/fr\/wp-json\/wp\/v2\/product_brand?post=6228"},{"taxonomy":"product_cat","embeddable":true,"href":"https:\/\/westgem.shop\/fr\/wp-json\/wp\/v2\/product_cat?post=6228"},{"taxonomy":"product_tag","embeddable":true,"href":"https:\/\/westgem.shop\/fr\/wp-json\/wp\/v2\/product_tag?post=6228"}],"curies":[{"name":"wp","href":"https:\/\/api.w.org\/{rel}","templated":true}]}}