{"id":6233,"date":"2003-01-23T00:00:00","date_gmt":"2003-01-23T00:00:00","guid":{"rendered":"https:\/\/miners.rocks\/product\/anyolith-mit-rubin\/"},"modified":"2020-05-19T17:05:57","modified_gmt":"2020-05-19T17:05:57","slug":"anyolith-avec-rubis","status":"publish","type":"product","link":"https:\/\/westgem.shop\/fr\/produit\/anyolith-avec-rubis\/","title":{"rendered":"ANYOLITH avec RUBIN"},"content":{"rendered":"<p>ANYOLITH = ZOISITE verte avec AMPHIBOL noir et RUBIN rouge.<\/p>\n<p>Ce min\u00e9ral est g\u00e9n\u00e9ralement appel\u00e9 \" ZOISITE avec RUBIN \". Le nom le plus appropri\u00e9 serait ANYOLITH ou ALUMINIUMTSCHERMAKIT.<\/p>\n<p>Dans cette roche, on trouve aussi r\u00e9guli\u00e8rement des RUBINES rouges grossi\u00e8res ( = oxyde d'aluminium ).<\/p>\n<p>Le site de la d\u00e9couverte est la MINE de LOGINDO au TANSANIE - AFRIQUE<\/p>\n<p>Poids de cette pi\u00e8ce : 2,2 kilogrammes !<\/p>\n<p>Dimensions : 18 x 12 x 6 cm<\/p>","protected":false},"excerpt":{"rendered":"<p>ANYOLITH = ZOISITE verte avec AMPHIBOL noir et RUBIN rouge. Ce min\u00e9ral est g\u00e9n\u00e9ralement appel\u00e9 \"ZOISITE avec RUBIN\". Mais le nom le plus appropri\u00e9 serait ANYOLITH ou ALUMINIUMTSCHERMAKIT. Dans cette roche, on trouve aussi r\u00e9guli\u00e8rement des RUBINES (= oxyde d'aluminium) rouges et grossi\u00e8res. Le lieu de d\u00e9couverte est la mine de LOGINDO au TANSANIE - AFRIQUE Poids de cette [...].<\/p>","protected":false},"featured_media":6234,"template":"","meta":{"_acf_changed":false},"region":[],"product_brand":[],"product_cat":[15],"product_tag":[],"class_list":{"0":"post-6233","1":"product","2":"type-product","3":"status-publish","4":"has-post-thumbnail","6":"product_cat-mineralien","8":"first","9":"outofstock","10":"sold-individually","11":"product-type-simple"},"acf":[],"_links":{"self":[{"href":"https:\/\/westgem.shop\/fr\/wp-json\/wp\/v2\/product\/6233","targetHints":{"allow":["GET"]}}],"collection":[{"href":"https:\/\/westgem.shop\/fr\/wp-json\/wp\/v2\/product"}],"about":[{"href":"https:\/\/westgem.shop\/fr\/wp-json\/wp\/v2\/types\/product"}],"wp:featuredmedia":[{"embeddable":true,"href":"https:\/\/westgem.shop\/fr\/wp-json\/wp\/v2\/media\/6234"}],"wp:attachment":[{"href":"https:\/\/westgem.shop\/fr\/wp-json\/wp\/v2\/media?parent=6233"}],"wp:term":[{"taxonomy":"region","embeddable":true,"href":"https:\/\/westgem.shop\/fr\/wp-json\/wp\/v2\/region?post=6233"},{"taxonomy":"product_brand","embeddable":true,"href":"https:\/\/westgem.shop\/fr\/wp-json\/wp\/v2\/product_brand?post=6233"},{"taxonomy":"product_cat","embeddable":true,"href":"https:\/\/westgem.shop\/fr\/wp-json\/wp\/v2\/product_cat?post=6233"},{"taxonomy":"product_tag","embeddable":true,"href":"https:\/\/westgem.shop\/fr\/wp-json\/wp\/v2\/product_tag?post=6233"}],"curies":[{"name":"wp","href":"https:\/\/api.w.org\/{rel}","templated":true}]}}