{"id":6238,"date":"2003-01-24T00:00:00","date_gmt":"2003-01-24T00:00:00","guid":{"rendered":"https:\/\/miners.rocks\/product\/pyrit-in-quarz-hochalpin\/"},"modified":"2020-05-19T17:05:57","modified_gmt":"2020-05-19T17:05:57","slug":"pyrite-dans-le-quartz-des-hautes-alpes","status":"publish","type":"product","link":"https:\/\/westgem.shop\/fr\/produit\/pyrite-dans-le-quartz-des-hautes-alpes\/","title":{"rendered":"PYRIT en quartz - Hautes Alpes"},"content":{"rendered":"<p>Clusters PYRIT brillants en or dans du quartz limonis\u00e9<\/p>\n<p>Hautes Alpes, quartz blanc, grossier avec oxyde de fer (LIMONITE) color\u00e9 en jaune-orange avec quelques clusters de PYRITE dans les fissures et les cavit\u00e9s.<\/p>\n<p>Cette pi\u00e8ce provient de la GRAULEITENSPITZE - ANKOGEL GEBIET.<\/p>\n<p>HOHE TAUERN - Carinthie<\/p>\n<p>Poids : 1,6 kilogramme Dimensions : 13 x 10 x 9 cm<\/p>\n<p>Les clusters PYRIT ont un diam\u00e8tre allant jusqu'\u00e0 3 cm.<\/p>","protected":false},"excerpt":{"rendered":"<p>Clusters de PYRITE dor\u00e9s dans du quartz limonis\u00e9 Hautes Alpes, quartz blanc, grossier avec oxyde de fer (LIMONITE) color\u00e9 en jaune-orange avec quelques clusters de PYRITE dans les fissures et les cavit\u00e9s. Cette pi\u00e8ce provient de la GRAULEITENSPITZE - ANKOGEL GEBIET HOHE TAUERN - Carinthie Poids : 1,6 kilogramme Dimensions : 13 x 10 x 9 cm Les clusters de PYRITE sont jusqu'\u00e0 3 [...].<\/p>","protected":false},"featured_media":6239,"template":"","meta":{"_acf_changed":false},"region":[],"product_brand":[],"product_cat":[15],"product_tag":[],"class_list":{"0":"post-6238","1":"product","2":"type-product","3":"status-publish","4":"has-post-thumbnail","6":"product_cat-mineralien","8":"first","9":"outofstock","10":"sold-individually","11":"product-type-simple"},"acf":[],"_links":{"self":[{"href":"https:\/\/westgem.shop\/fr\/wp-json\/wp\/v2\/product\/6238","targetHints":{"allow":["GET"]}}],"collection":[{"href":"https:\/\/westgem.shop\/fr\/wp-json\/wp\/v2\/product"}],"about":[{"href":"https:\/\/westgem.shop\/fr\/wp-json\/wp\/v2\/types\/product"}],"wp:featuredmedia":[{"embeddable":true,"href":"https:\/\/westgem.shop\/fr\/wp-json\/wp\/v2\/media\/6239"}],"wp:attachment":[{"href":"https:\/\/westgem.shop\/fr\/wp-json\/wp\/v2\/media?parent=6238"}],"wp:term":[{"taxonomy":"region","embeddable":true,"href":"https:\/\/westgem.shop\/fr\/wp-json\/wp\/v2\/region?post=6238"},{"taxonomy":"product_brand","embeddable":true,"href":"https:\/\/westgem.shop\/fr\/wp-json\/wp\/v2\/product_brand?post=6238"},{"taxonomy":"product_cat","embeddable":true,"href":"https:\/\/westgem.shop\/fr\/wp-json\/wp\/v2\/product_cat?post=6238"},{"taxonomy":"product_tag","embeddable":true,"href":"https:\/\/westgem.shop\/fr\/wp-json\/wp\/v2\/product_tag?post=6238"}],"curies":[{"name":"wp","href":"https:\/\/api.w.org\/{rel}","templated":true}]}}