{"id":6243,"date":"2003-01-25T00:00:00","date_gmt":"2003-01-25T00:00:00","guid":{"rendered":"https:\/\/miners.rocks\/product\/zirkon-xx-afrika\/"},"modified":"2020-05-19T17:05:58","modified_gmt":"2020-05-19T17:05:58","slug":"zircon-xx-afrique","status":"publish","type":"product","link":"https:\/\/westgem.shop\/fr\/produit\/zircon-xx-afrique\/","title":{"rendered":"ZIRCONE xx - AFRIQUE"},"content":{"rendered":"<p>Cristaux bruns de ZIRCONE dans une roche m\u00e8re avec des SPATS FELDS blancs.<\/p>\n<p>Les CIRCONES sont consid\u00e9r\u00e9s comme les plus vieux cristaux. Leur \u00e2ge est estim\u00e9 \u00e0 plus de 3,5 MILLIARDS d'ann\u00e9es.<\/p>\n<p>Les ZIRCONES brunes sont \u00e9galement appel\u00e9es HYAZINTH et sont tr\u00e8s demand\u00e9es dans ce que l'on appelle la \"lithoth\u00e9rapie\", mais ce n'est pas notre domaine, nous nous occupons des faits min\u00e9ralogiques.<\/p>\n<p>R\u00e9cemment, un client nous a demand\u00e9 si les pierres \u00e9taient \"radioactives\". NON ! Seuls les ZIRCONES VERTS sont radioactifs, mais ils ne sont pas disponibles dans le commerce.<\/p>\n<p>Nos ZIRCONES brunes ont jusqu'\u00e0 3 couleurs sous la lumi\u00e8re UV !<\/p>\n<p>Les pierres ont \u00e9t\u00e9 trouv\u00e9es \u00e0 Madagascar<\/p>\n<p>Poids : 280 g Dimensions : 7 x7 x 5 cm<\/p>","protected":false},"excerpt":{"rendered":"<p>Cristaux de ZIRCONE bruns dans une roche m\u00e8re avec du SPATEX FELD blanc. Les zircons sont consid\u00e9r\u00e9s comme les plus anciens cristaux. Leur \u00e2ge est estim\u00e9 \u00e0 plus de 3,5 MILLIARDS d'ann\u00e9es. Les ZIRCONES bruns sont aussi appel\u00e9s HYAZINTH et sont tr\u00e8s demand\u00e9s dans ce qu'on appelle la \"lithoth\u00e9rapie\", mais ce n'est pas notre domaine, nous nous occupons des faits min\u00e9ralogiques. Il n'y a pas longtemps, nous avons [...]<\/p>","protected":false},"featured_media":6244,"template":"","meta":{"_acf_changed":false},"region":[],"product_brand":[],"product_cat":[15],"product_tag":[],"class_list":{"0":"post-6243","1":"product","2":"type-product","3":"status-publish","4":"has-post-thumbnail","6":"product_cat-mineralien","8":"first","9":"outofstock","10":"sold-individually","11":"product-type-simple"},"acf":[],"_links":{"self":[{"href":"https:\/\/westgem.shop\/fr\/wp-json\/wp\/v2\/product\/6243","targetHints":{"allow":["GET"]}}],"collection":[{"href":"https:\/\/westgem.shop\/fr\/wp-json\/wp\/v2\/product"}],"about":[{"href":"https:\/\/westgem.shop\/fr\/wp-json\/wp\/v2\/types\/product"}],"wp:featuredmedia":[{"embeddable":true,"href":"https:\/\/westgem.shop\/fr\/wp-json\/wp\/v2\/media\/6244"}],"wp:attachment":[{"href":"https:\/\/westgem.shop\/fr\/wp-json\/wp\/v2\/media?parent=6243"}],"wp:term":[{"taxonomy":"region","embeddable":true,"href":"https:\/\/westgem.shop\/fr\/wp-json\/wp\/v2\/region?post=6243"},{"taxonomy":"product_brand","embeddable":true,"href":"https:\/\/westgem.shop\/fr\/wp-json\/wp\/v2\/product_brand?post=6243"},{"taxonomy":"product_cat","embeddable":true,"href":"https:\/\/westgem.shop\/fr\/wp-json\/wp\/v2\/product_cat?post=6243"},{"taxonomy":"product_tag","embeddable":true,"href":"https:\/\/westgem.shop\/fr\/wp-json\/wp\/v2\/product_tag?post=6243"}],"curies":[{"name":"wp","href":"https:\/\/api.w.org\/{rel}","templated":true}]}}