{"id":6247,"date":"2003-01-26T00:00:00","date_gmt":"2003-01-26T00:00:00","guid":{"rendered":"https:\/\/miners.rocks\/product\/pyrit-xx-hohe-tauern\/"},"modified":"2020-05-19T17:05:59","modified_gmt":"2020-05-19T17:05:59","slug":"pyrite-xx-hohe-tauern","status":"publish","type":"product","link":"https:\/\/westgem.shop\/fr\/produit\/pyrite-xx-hohe-tauern\/","title":{"rendered":"PYRIT xx - Hauts Tauern"},"content":{"rendered":"<p>Petits cristaux PYRIT dor\u00e9s sur quartz.<\/p>\n<p>Cette pi\u00e8ce a \u00e9t\u00e9 trouv\u00e9e dans le Goessgraben pr\u00e8s de MALTE dans les HAUTES TAURES.<\/p>\n<p>Carinthie.<\/p>\n<p>Poids : 620 g Dimensions : 13 x 10 x 5 cm<\/p>","protected":false},"excerpt":{"rendered":"<p>Petits cristaux de PYRITE dor\u00e9s et brillants sur quartz- Cette pi\u00e8ce a \u00e9t\u00e9 trouv\u00e9e dans le Goessgraben pr\u00e8s de MALTA dans les HAUTES TAURES de Carinthie. Poids : 620 g Dimensions : 13 x 10 x 5 cm<\/p>","protected":false},"featured_media":6248,"template":"","meta":{"_acf_changed":false},"region":[],"product_brand":[],"product_cat":[15],"product_tag":[],"class_list":{"0":"post-6247","1":"product","2":"type-product","3":"status-publish","4":"has-post-thumbnail","6":"product_cat-mineralien","8":"first","9":"outofstock","10":"sold-individually","11":"product-type-simple"},"acf":[],"_links":{"self":[{"href":"https:\/\/westgem.shop\/fr\/wp-json\/wp\/v2\/product\/6247","targetHints":{"allow":["GET"]}}],"collection":[{"href":"https:\/\/westgem.shop\/fr\/wp-json\/wp\/v2\/product"}],"about":[{"href":"https:\/\/westgem.shop\/fr\/wp-json\/wp\/v2\/types\/product"}],"wp:featuredmedia":[{"embeddable":true,"href":"https:\/\/westgem.shop\/fr\/wp-json\/wp\/v2\/media\/6248"}],"wp:attachment":[{"href":"https:\/\/westgem.shop\/fr\/wp-json\/wp\/v2\/media?parent=6247"}],"wp:term":[{"taxonomy":"region","embeddable":true,"href":"https:\/\/westgem.shop\/fr\/wp-json\/wp\/v2\/region?post=6247"},{"taxonomy":"product_brand","embeddable":true,"href":"https:\/\/westgem.shop\/fr\/wp-json\/wp\/v2\/product_brand?post=6247"},{"taxonomy":"product_cat","embeddable":true,"href":"https:\/\/westgem.shop\/fr\/wp-json\/wp\/v2\/product_cat?post=6247"},{"taxonomy":"product_tag","embeddable":true,"href":"https:\/\/westgem.shop\/fr\/wp-json\/wp\/v2\/product_tag?post=6247"}],"curies":[{"name":"wp","href":"https:\/\/api.w.org\/{rel}","templated":true}]}}