{"id":625,"date":"2000-03-25T00:00:00","date_gmt":"2000-03-25T00:00:00","guid":{"rendered":"https:\/\/miners.rocks\/product\/137\/"},"modified":"2020-05-19T16:55:50","modified_gmt":"2020-05-19T16:55:50","slug":"cristal-de-roche-xx-mt-ida","status":"publish","type":"product","link":"https:\/\/westgem.shop\/fr\/produit\/cristal-de-roche-xx-mt-ida\/","title":{"rendered":"BERGKRISTALL xx Mt. Ida"},"content":{"rendered":"<p>\n\tBelle marche provenant de la c\u00e9l\u00e8bre r\u00e9gion de Hot Springs dans l'Arkansas. <\/p>\n<\/p>\n<p>\n\tPoids : 0,63 kg Dimensions : 14 x 13 x 5 cm <\/p><\/p>","protected":false},"excerpt":{"rendered":"<p>Belle marche provenant de la c\u00e9l\u00e8bre r\u00e9gion de Hot Springs en Arkansas. Poids : 0,63 kg Dimensions : 14 x 13 x 5 cm<\/p>","protected":false},"featured_media":626,"template":"","meta":{"_acf_changed":false},"region":[],"product_brand":[],"product_cat":[15],"product_tag":[],"class_list":{"0":"post-625","1":"product","2":"type-product","3":"status-publish","4":"has-post-thumbnail","6":"product_cat-mineralien","8":"first","9":"outofstock","10":"sold-individually","11":"product-type-simple"},"acf":[],"_links":{"self":[{"href":"https:\/\/westgem.shop\/fr\/wp-json\/wp\/v2\/product\/625","targetHints":{"allow":["GET"]}}],"collection":[{"href":"https:\/\/westgem.shop\/fr\/wp-json\/wp\/v2\/product"}],"about":[{"href":"https:\/\/westgem.shop\/fr\/wp-json\/wp\/v2\/types\/product"}],"wp:featuredmedia":[{"embeddable":true,"href":"https:\/\/westgem.shop\/fr\/wp-json\/wp\/v2\/media\/626"}],"wp:attachment":[{"href":"https:\/\/westgem.shop\/fr\/wp-json\/wp\/v2\/media?parent=625"}],"wp:term":[{"taxonomy":"region","embeddable":true,"href":"https:\/\/westgem.shop\/fr\/wp-json\/wp\/v2\/region?post=625"},{"taxonomy":"product_brand","embeddable":true,"href":"https:\/\/westgem.shop\/fr\/wp-json\/wp\/v2\/product_brand?post=625"},{"taxonomy":"product_cat","embeddable":true,"href":"https:\/\/westgem.shop\/fr\/wp-json\/wp\/v2\/product_cat?post=625"},{"taxonomy":"product_tag","embeddable":true,"href":"https:\/\/westgem.shop\/fr\/wp-json\/wp\/v2\/product_tag?post=625"}],"curies":[{"name":"wp","href":"https:\/\/api.w.org\/{rel}","templated":true}]}}