{"id":6251,"date":"2003-01-27T00:00:00","date_gmt":"2003-01-27T00:00:00","guid":{"rendered":"https:\/\/miners.rocks\/product\/zirkon-xx-4\/"},"modified":"2020-05-19T17:05:59","modified_gmt":"2020-05-19T17:05:59","slug":"zircon-xx-4","status":"publish","type":"product","link":"https:\/\/westgem.shop\/fr\/produit\/zircon-xx-4\/","title":{"rendered":"ZIRCONE xx"},"content":{"rendered":"<p>Cristaux bruns de ZIRCONE dans la roche m\u00e8re - FELDSPAT.<\/p>\n<p>Les CIRCONES font partie des plus vieux cristaux - ils ont plus de 3,5 MILLIARDS d'ann\u00e9es.<\/p>\n<p>Les zircons bruns sont \u00e9galement appel\u00e9s HYAZINTH.<\/p>\n<p>Ces cristaux ont \u00e9t\u00e9 d\u00e9couverts sur l'\u00eele de Madagascar.<\/p>\n<p>Poids : 140 g Dimensions : 5 x 5 x 4 cm<\/p>","protected":false},"excerpt":{"rendered":"<p>Cristaux bruns de ZIRCONE dans la roche m\u00e8re - FELDSPAT. Les zircons font partie des cristaux les plus anciens - plus de 3,5 MILLIARDS d'ann\u00e9es. Les zircons bruns sont \u00e9galement appel\u00e9s HYAZINTH. Ces cristaux ont \u00e9t\u00e9 trouv\u00e9s sur l'\u00eele de Madagascar Poids : 140 g Dimensions : 5 x 5 x 4 cm<\/p>","protected":false},"featured_media":6252,"template":"","meta":{"_acf_changed":false},"region":[],"product_brand":[],"product_cat":[15],"product_tag":[],"class_list":{"0":"post-6251","1":"product","2":"type-product","3":"status-publish","4":"has-post-thumbnail","6":"product_cat-mineralien","8":"first","9":"outofstock","10":"sold-individually","11":"product-type-simple"},"acf":[],"_links":{"self":[{"href":"https:\/\/westgem.shop\/fr\/wp-json\/wp\/v2\/product\/6251","targetHints":{"allow":["GET"]}}],"collection":[{"href":"https:\/\/westgem.shop\/fr\/wp-json\/wp\/v2\/product"}],"about":[{"href":"https:\/\/westgem.shop\/fr\/wp-json\/wp\/v2\/types\/product"}],"wp:featuredmedia":[{"embeddable":true,"href":"https:\/\/westgem.shop\/fr\/wp-json\/wp\/v2\/media\/6252"}],"wp:attachment":[{"href":"https:\/\/westgem.shop\/fr\/wp-json\/wp\/v2\/media?parent=6251"}],"wp:term":[{"taxonomy":"region","embeddable":true,"href":"https:\/\/westgem.shop\/fr\/wp-json\/wp\/v2\/region?post=6251"},{"taxonomy":"product_brand","embeddable":true,"href":"https:\/\/westgem.shop\/fr\/wp-json\/wp\/v2\/product_brand?post=6251"},{"taxonomy":"product_cat","embeddable":true,"href":"https:\/\/westgem.shop\/fr\/wp-json\/wp\/v2\/product_cat?post=6251"},{"taxonomy":"product_tag","embeddable":true,"href":"https:\/\/westgem.shop\/fr\/wp-json\/wp\/v2\/product_tag?post=6251"}],"curies":[{"name":"wp","href":"https:\/\/api.w.org\/{rel}","templated":true}]}}