{"id":6254,"date":"2003-01-28T00:00:00","date_gmt":"2003-01-28T00:00:00","guid":{"rendered":"https:\/\/miners.rocks\/product\/gipslocken-atlasgebirge\/"},"modified":"2020-05-19T17:06:00","modified_gmt":"2020-05-19T17:06:00","slug":"cloches-en-platre-de-latlas","status":"publish","type":"product","link":"https:\/\/westgem.shop\/fr\/produit\/cloches-en-platre-de-latlas\/","title":{"rendered":"CLOCHES EN PL\u00c2TRE - MONTAGNES DE L'ATLAS"},"content":{"rendered":"<p>Cristaux de GIPS blancs comme neige, transparents, sur roche m\u00e8re - DOLOMITE limonis\u00e9e<\/p>\n<p>MIBLADEN - MAROC <\/p>\n<p>AFRIQUE DU NORD<\/p>\n<p>Poids : 650 g Dimensions : 14 x 9 x 6 cm<\/p>","protected":false},"excerpt":{"rendered":"<p>Cristaux de GIPS blancs comme la neige, transparents, sur roche m\u00e8re - DOLOMITE MIBLADE limonis\u00e9e - MAROC NORD AFRIQUE Poids : 650 g Dimensions : 14 x 9 x 6 cm<\/p>","protected":false},"featured_media":6255,"template":"","meta":{"_acf_changed":false},"region":[],"product_brand":[],"product_cat":[15],"product_tag":[],"class_list":{"0":"post-6254","1":"product","2":"type-product","3":"status-publish","4":"has-post-thumbnail","6":"product_cat-mineralien","8":"first","9":"outofstock","10":"sold-individually","11":"product-type-simple"},"acf":[],"_links":{"self":[{"href":"https:\/\/westgem.shop\/fr\/wp-json\/wp\/v2\/product\/6254","targetHints":{"allow":["GET"]}}],"collection":[{"href":"https:\/\/westgem.shop\/fr\/wp-json\/wp\/v2\/product"}],"about":[{"href":"https:\/\/westgem.shop\/fr\/wp-json\/wp\/v2\/types\/product"}],"wp:featuredmedia":[{"embeddable":true,"href":"https:\/\/westgem.shop\/fr\/wp-json\/wp\/v2\/media\/6255"}],"wp:attachment":[{"href":"https:\/\/westgem.shop\/fr\/wp-json\/wp\/v2\/media?parent=6254"}],"wp:term":[{"taxonomy":"region","embeddable":true,"href":"https:\/\/westgem.shop\/fr\/wp-json\/wp\/v2\/region?post=6254"},{"taxonomy":"product_brand","embeddable":true,"href":"https:\/\/westgem.shop\/fr\/wp-json\/wp\/v2\/product_brand?post=6254"},{"taxonomy":"product_cat","embeddable":true,"href":"https:\/\/westgem.shop\/fr\/wp-json\/wp\/v2\/product_cat?post=6254"},{"taxonomy":"product_tag","embeddable":true,"href":"https:\/\/westgem.shop\/fr\/wp-json\/wp\/v2\/product_tag?post=6254"}],"curies":[{"name":"wp","href":"https:\/\/api.w.org\/{rel}","templated":true}]}}