{"id":6258,"date":"2003-01-29T00:00:00","date_gmt":"2003-01-29T00:00:00","guid":{"rendered":"https:\/\/miners.rocks\/product\/echte-jade-canada-2\/"},"modified":"2020-05-19T17:06:00","modified_gmt":"2020-05-19T17:06:00","slug":"veritable-jade-canada-2","status":"publish","type":"product","link":"https:\/\/westgem.shop\/fr\/produit\/veritable-jade-canada-2\/","title":{"rendered":"V\u00e9ritable JADE - CANADA"},"content":{"rendered":"<p>Seuls les min\u00e9raux JADEIT, NEPHRIT et MAW SIT SIT (une vari\u00e9t\u00e9 de JADEIT de Birmanie) font partie du v\u00e9ritable JADE.<\/p>\n<p>Malheureusement, de nombreux min\u00e9raux et imitations sont aujourd'hui vendus comme du \"vrai\" JADE. En particulier la SERPENTINE verte, le grenat vert grossier GROSSULAR, la GRANITE verte, etc. Dans le secteur de la bijouterie, m\u00eame des pierres synth\u00e9tiques ... Malheureusement !<\/p>\n<p>Le JADE le plus cher est une JADEITE translucide vert \u00e9meraude provenant du nord de la BURMA. Ce JADE dit imp\u00e9rial ou imp\u00e9rial fait partie des pierres les plus ch\u00e8res du monde. Un collier de ces pierres, taill\u00e9es en rond, a \u00e9t\u00e9 vendu aux ench\u00e8res pour plus de 5 millions de dollars. Nous avons vu 1 kg de pierres brutes de JADE Imp\u00e9rial pour 2,5 millions de dollars. Vraiment \"imp\u00e9rial\" !<\/p>\n<p>d'ailleurs, le mot JADE a toujours \u00e9t\u00e9 inconnu en Chine, o\u00f9 ces pierres \u00e9taient simplement appel\u00e9es \"Y\u00fc\". <\/p>\n<p>Le soi-disant \"China JADE\" ou \"New Jade\" propos\u00e9 aujourd'hui est g\u00e9n\u00e9ralement de la SERPENTINE.<\/p>\n<p>Cette pi\u00e8ce est du VRAI JADE de la vari\u00e9t\u00e9 NEPHRIT. Les taches noires sont typiques. Tr\u00e8s DUR et dense, le NEPHRIT est \u00e9galement appel\u00e9 \"pierre de hache\", car ses ar\u00eates de rupture tranchantes comme des couteaux permettaient de fabriquer des armes, des haches et des si\u00e8ges de fl\u00e8ches \u00e0 l'\u00e2ge de pierre.<\/p>\n<p>La NEPHRITE est trouv\u00e9e en Nouvelle-Z\u00e9lande et s'appelle alors \"JADE de Nouvelle-Z\u00e9lande\" \u00e0 l'URAL et ensuite c'est le \"JADE russe\" et un gisement important se trouve au CANADA et c'est de l\u00e0 que provient cette pi\u00e8ce.<\/p>\n<p>Une pi\u00e8ce, coup\u00e9e comme une plaque, NON polie, bords translucides.<\/p>\n<p>Mine CASSIER - Colombie-Britannique<\/p>\n<p>CANADA<\/p>\n<p>Poids : 280 g Dimensions : 12 x 7 cm<\/p>","protected":false},"excerpt":{"rendered":"<p>Seuls les min\u00e9raux JADEIT, NEPHRIT et MAW SIT SIT (une vari\u00e9t\u00e9 de JADEIT de Birmanie) font partie du vrai JADE. Malheureusement, de nombreux min\u00e9raux et imitations sont aujourd'hui vendus comme du \"vrai\" JADE. En particulier la SERPENTINE verte, le grenat vert et grossier GROSSULAR, la GRANITE verte, etc. Dans le secteur de la bijouterie, on trouve m\u00eame des pierres synth\u00e9tiques ... Malheureusement ! Le JADE le plus cher est une \u00e9meraude [...].<\/p>","protected":false},"featured_media":6259,"template":"","meta":{"_acf_changed":false},"region":[],"product_brand":[],"product_cat":[15],"product_tag":[],"class_list":{"0":"post-6258","1":"product","2":"type-product","3":"status-publish","4":"has-post-thumbnail","6":"product_cat-mineralien","8":"first","9":"outofstock","10":"sold-individually","11":"product-type-simple"},"acf":[],"_links":{"self":[{"href":"https:\/\/westgem.shop\/fr\/wp-json\/wp\/v2\/product\/6258","targetHints":{"allow":["GET"]}}],"collection":[{"href":"https:\/\/westgem.shop\/fr\/wp-json\/wp\/v2\/product"}],"about":[{"href":"https:\/\/westgem.shop\/fr\/wp-json\/wp\/v2\/types\/product"}],"wp:featuredmedia":[{"embeddable":true,"href":"https:\/\/westgem.shop\/fr\/wp-json\/wp\/v2\/media\/6259"}],"wp:attachment":[{"href":"https:\/\/westgem.shop\/fr\/wp-json\/wp\/v2\/media?parent=6258"}],"wp:term":[{"taxonomy":"region","embeddable":true,"href":"https:\/\/westgem.shop\/fr\/wp-json\/wp\/v2\/region?post=6258"},{"taxonomy":"product_brand","embeddable":true,"href":"https:\/\/westgem.shop\/fr\/wp-json\/wp\/v2\/product_brand?post=6258"},{"taxonomy":"product_cat","embeddable":true,"href":"https:\/\/westgem.shop\/fr\/wp-json\/wp\/v2\/product_cat?post=6258"},{"taxonomy":"product_tag","embeddable":true,"href":"https:\/\/westgem.shop\/fr\/wp-json\/wp\/v2\/product_tag?post=6258"}],"curies":[{"name":"wp","href":"https:\/\/api.w.org\/{rel}","templated":true}]}}