{"id":6262,"date":"2003-01-30T00:00:00","date_gmt":"2003-01-30T00:00:00","guid":{"rendered":"https:\/\/miners.rocks\/product\/mehrfaerbiger-feuerstein-roh\/"},"modified":"2020-05-19T17:06:01","modified_gmt":"2020-05-19T17:06:01","slug":"silex-a-plusieurs-facettes-brut","status":"publish","type":"product","link":"https:\/\/westgem.shop\/fr\/produit\/silex-a-plusieurs-facettes-brut\/","title":{"rendered":"PIERRE FEUILLEUSE multicolore - BRUTE"},"content":{"rendered":"<p>POLYCHROM = multicolore .<\/p>\n<p>CALC\u00c9DOINE PIERRE \u00c0 FEU<\/p>\n<p>Magnifique et grande PIERRE BRUTE de ces PIERRES PUISSANTES multicolores - CHERT anglais ou FLINTSTONE.<\/p>\n<p>Extr\u00eamement DUR avec des bords de rupture tranchants comme des lames de rasoir.<\/p>\n<p>Ce mat\u00e9riau est tr\u00e8s souvent propos\u00e9 dans le commerce sous le nom de jaspe - mais ce n'est pas tout \u00e0 fait exact.<\/p>\n<p>On le trouve \u00e0 ANTSIRABE, Madagascar.<\/p>\n<p>Un mat\u00e9riau merveilleux pour le pon\u00e7age et dont la duret\u00e9 permet de r\u00e9aliser tr\u00e8s facilement de superbes polissages.<\/p>\n<p><u>Poids : 4,5 KILOGRAMMES !<\/u><\/p>\n<p>Dimensions : 27 x18 x 11 cm<\/p>","protected":false},"excerpt":{"rendered":"<p>POLYCHROM = multicolore . PIERRE CHALCEDONE Magnifique grande PIERRE BRUTE de ces PIERRES MULTICOLORES - CHERT ou FLINTSTONE anglais. Extr\u00eamement DUR avec des bords de cassure tranchants comme des rasoirs. Ce mat\u00e9riau est souvent propos\u00e9 dans le commerce comme jaspe - mais ce n'est pas tout \u00e0 fait exact. On le trouve \u00e0 ANTSIRABE, \u00e0 Madagascar. C'est un mat\u00e9riau merveilleux pour la taille et sa duret\u00e9 permet de [...] [En savoir plus<\/p>","protected":false},"featured_media":6263,"template":"","meta":{"_acf_changed":false},"region":[],"product_brand":[],"product_cat":[15],"product_tag":[],"class_list":{"0":"post-6262","1":"product","2":"type-product","3":"status-publish","4":"has-post-thumbnail","6":"product_cat-mineralien","8":"first","9":"outofstock","10":"sold-individually","11":"product-type-simple"},"acf":[],"_links":{"self":[{"href":"https:\/\/westgem.shop\/fr\/wp-json\/wp\/v2\/product\/6262","targetHints":{"allow":["GET"]}}],"collection":[{"href":"https:\/\/westgem.shop\/fr\/wp-json\/wp\/v2\/product"}],"about":[{"href":"https:\/\/westgem.shop\/fr\/wp-json\/wp\/v2\/types\/product"}],"wp:featuredmedia":[{"embeddable":true,"href":"https:\/\/westgem.shop\/fr\/wp-json\/wp\/v2\/media\/6263"}],"wp:attachment":[{"href":"https:\/\/westgem.shop\/fr\/wp-json\/wp\/v2\/media?parent=6262"}],"wp:term":[{"taxonomy":"region","embeddable":true,"href":"https:\/\/westgem.shop\/fr\/wp-json\/wp\/v2\/region?post=6262"},{"taxonomy":"product_brand","embeddable":true,"href":"https:\/\/westgem.shop\/fr\/wp-json\/wp\/v2\/product_brand?post=6262"},{"taxonomy":"product_cat","embeddable":true,"href":"https:\/\/westgem.shop\/fr\/wp-json\/wp\/v2\/product_cat?post=6262"},{"taxonomy":"product_tag","embeddable":true,"href":"https:\/\/westgem.shop\/fr\/wp-json\/wp\/v2\/product_tag?post=6262"}],"curies":[{"name":"wp","href":"https:\/\/api.w.org\/{rel}","templated":true}]}}