{"id":6268,"date":"2003-01-31T00:00:00","date_gmt":"2003-01-31T00:00:00","guid":{"rendered":"https:\/\/miners.rocks\/product\/stilbit-xx-zeolith\/"},"modified":"2020-05-19T17:06:01","modified_gmt":"2020-05-19T17:06:01","slug":"stilbit-xx-zeolithe","status":"publish","type":"product","link":"https:\/\/westgem.shop\/fr\/produit\/stilbit-xx-zeolithe\/","title":{"rendered":"STILBIT xx - ZEOLITH"},"content":{"rendered":"<p>STILBIT xx \u00e0 un niveau int\u00e9ressant.<\/p>\n<\/p>\n<p>La STILBITE est un min\u00e9ral appartenant au tr\u00e8s vaste groupe des Z\u00c9OLITHES.<\/p>\n<\/p>\n<p>Cristaux en touffes sur une matrice de quartz et de gr\u00e8s<\/p>\n<\/p>\n<p>Le lieu de d\u00e9couverte est le DEKKAN TRAP en INDE<\/p>\n<\/p>\n<p>Poids : 700 g Dimensions : 17 x 11 x 10 cm<\/p>","protected":false},"excerpt":{"rendered":"<p>STILBIT xx \u00e0 un niveau int\u00e9ressant. La STILBITE est un min\u00e9ral du groupe tr\u00e8s vaste des ZEOLITHES. Cristaux en touffes sur une matrice de quartz et de gr\u00e8s Le lieu de d\u00e9couverte est le DEKKAN TRAP en INDE Poids : 700 g Dimensions : 17 x 11 x 10 cm<\/p>","protected":false},"featured_media":6269,"template":"","meta":{"_acf_changed":false},"region":[],"product_brand":[],"product_cat":[15],"product_tag":[],"class_list":{"0":"post-6268","1":"product","2":"type-product","3":"status-publish","4":"has-post-thumbnail","6":"product_cat-mineralien","8":"first","9":"outofstock","10":"sold-individually","11":"product-type-simple"},"acf":[],"_links":{"self":[{"href":"https:\/\/westgem.shop\/fr\/wp-json\/wp\/v2\/product\/6268","targetHints":{"allow":["GET"]}}],"collection":[{"href":"https:\/\/westgem.shop\/fr\/wp-json\/wp\/v2\/product"}],"about":[{"href":"https:\/\/westgem.shop\/fr\/wp-json\/wp\/v2\/types\/product"}],"wp:featuredmedia":[{"embeddable":true,"href":"https:\/\/westgem.shop\/fr\/wp-json\/wp\/v2\/media\/6269"}],"wp:attachment":[{"href":"https:\/\/westgem.shop\/fr\/wp-json\/wp\/v2\/media?parent=6268"}],"wp:term":[{"taxonomy":"region","embeddable":true,"href":"https:\/\/westgem.shop\/fr\/wp-json\/wp\/v2\/region?post=6268"},{"taxonomy":"product_brand","embeddable":true,"href":"https:\/\/westgem.shop\/fr\/wp-json\/wp\/v2\/product_brand?post=6268"},{"taxonomy":"product_cat","embeddable":true,"href":"https:\/\/westgem.shop\/fr\/wp-json\/wp\/v2\/product_cat?post=6268"},{"taxonomy":"product_tag","embeddable":true,"href":"https:\/\/westgem.shop\/fr\/wp-json\/wp\/v2\/product_tag?post=6268"}],"curies":[{"name":"wp","href":"https:\/\/api.w.org\/{rel}","templated":true}]}}