{"id":6273,"date":"2003-02-01T00:00:00","date_gmt":"2003-02-01T00:00:00","guid":{"rendered":"https:\/\/miners.rocks\/product\/bunter-achat-jaspis\/"},"modified":"2020-05-19T17:06:02","modified_gmt":"2020-05-19T17:06:02","slug":"jaspe-dagate-colore","status":"publish","type":"product","link":"https:\/\/westgem.shop\/fr\/produit\/jaspe-dagate-colore\/","title":{"rendered":"ACHAT\/JASPIS multicolore"},"content":{"rendered":"<p>ACHAT\/JASPIS est \u00e9galement propos\u00e9 sous la forme de ce que l'on appelle le \"jaspe HILDEGARD\". <\/p>\n<p>Inspir\u00e9e de l'abbesse et naturopathe Hildegard von Binden.<\/p>\n<p>Cette vari\u00e9t\u00e9 de jaspe est tr\u00e8s COLOR\u00c9E avec de petites inclusions d'ACHAT blanc.<\/p>\n<p>Ces pierres proviennent d'un gisement en ALG\u00c9RIE<\/p>\n<p>AFRIQUE DU NORD<\/p>\n<p>poids : 1,2 kilogramme<\/p>\n<p>Dimensions : 14 x 12 x 9 cm<\/p>","protected":false},"excerpt":{"rendered":"<p>ACHAT\/JASPIS est \u00e9galement propos\u00e9 en tant que \"jaspe HILDEGARD\". Il s'inspire de l'abbesse et naturopathe Hildegard von Binden. Cette vari\u00e9t\u00e9 de jaspe est tr\u00e8s COLOR\u00c9E avec de petites inclusions d'ACHAT blanc. Ces pierres proviennent d'un gisement en ALG\u00c9RIE NORD AFRIQUE Poids : 1,2 kilogramme Dimensions : 14 x 12 x 9 cm<\/p>","protected":false},"featured_media":6274,"template":"","meta":{"_acf_changed":false},"region":[],"product_brand":[],"product_cat":[15],"product_tag":[],"class_list":{"0":"post-6273","1":"product","2":"type-product","3":"status-publish","4":"has-post-thumbnail","6":"product_cat-mineralien","8":"first","9":"outofstock","10":"sold-individually","11":"product-type-simple"},"acf":[],"_links":{"self":[{"href":"https:\/\/westgem.shop\/fr\/wp-json\/wp\/v2\/product\/6273","targetHints":{"allow":["GET"]}}],"collection":[{"href":"https:\/\/westgem.shop\/fr\/wp-json\/wp\/v2\/product"}],"about":[{"href":"https:\/\/westgem.shop\/fr\/wp-json\/wp\/v2\/types\/product"}],"wp:featuredmedia":[{"embeddable":true,"href":"https:\/\/westgem.shop\/fr\/wp-json\/wp\/v2\/media\/6274"}],"wp:attachment":[{"href":"https:\/\/westgem.shop\/fr\/wp-json\/wp\/v2\/media?parent=6273"}],"wp:term":[{"taxonomy":"region","embeddable":true,"href":"https:\/\/westgem.shop\/fr\/wp-json\/wp\/v2\/region?post=6273"},{"taxonomy":"product_brand","embeddable":true,"href":"https:\/\/westgem.shop\/fr\/wp-json\/wp\/v2\/product_brand?post=6273"},{"taxonomy":"product_cat","embeddable":true,"href":"https:\/\/westgem.shop\/fr\/wp-json\/wp\/v2\/product_cat?post=6273"},{"taxonomy":"product_tag","embeddable":true,"href":"https:\/\/westgem.shop\/fr\/wp-json\/wp\/v2\/product_tag?post=6273"}],"curies":[{"name":"wp","href":"https:\/\/api.w.org\/{rel}","templated":true}]}}