{"id":6277,"date":"2003-02-02T00:00:00","date_gmt":"2003-02-02T00:00:00","guid":{"rendered":"https:\/\/miners.rocks\/product\/tigereisen-2\/"},"modified":"2020-05-19T17:06:02","modified_gmt":"2020-05-19T17:06:02","slug":"voyage-en-tigre-2","status":"publish","type":"product","link":"https:\/\/westgem.shop\/fr\/produit\/voyage-en-tigre-2\/","title":{"rendered":"Fer Tigre"},"content":{"rendered":"<p>Fer de tigre =<\/p>\n<p>Jaspe brun<\/p>\n<p>Oeil de tigre dor\u00e9 et<\/p>\n<p>Melallique, bandes noires de magn\u00e9tite = Fe3O4<\/p>\n<p>Les minerais de ruban ont PLUS DE DEUX MILLIARDS D'ANS !<\/p>\n<p>BANDET IRON MINE - TRANSVAAL<\/p>\n<p>AFRIQUE DU SUD<\/p>\n<p>Poids : 700 g Dimensions : 11 x 10 x 4 cm<\/p>","protected":false},"excerpt":{"rendered":"<p>Fer de tigre = jaspe brun Oeil de tigre dor\u00e9 et m\u00e9lamine, bandes noires de magn\u00e9tite = Fe3O4 Les minerais en bande ont PLUS DE DEUX MILLIARDS D'ANS ! BANDET IRON MINE - TRANSVAAL AFRIQUE DU SUD Poids : 700 g Dimensions : 11 x 10 x 4 cm<\/p>","protected":false},"featured_media":6278,"template":"","meta":{"_acf_changed":false},"region":[],"product_brand":[],"product_cat":[15],"product_tag":[],"class_list":{"0":"post-6277","1":"product","2":"type-product","3":"status-publish","4":"has-post-thumbnail","6":"product_cat-mineralien","8":"first","9":"outofstock","10":"sold-individually","11":"product-type-simple"},"acf":[],"_links":{"self":[{"href":"https:\/\/westgem.shop\/fr\/wp-json\/wp\/v2\/product\/6277","targetHints":{"allow":["GET"]}}],"collection":[{"href":"https:\/\/westgem.shop\/fr\/wp-json\/wp\/v2\/product"}],"about":[{"href":"https:\/\/westgem.shop\/fr\/wp-json\/wp\/v2\/types\/product"}],"wp:featuredmedia":[{"embeddable":true,"href":"https:\/\/westgem.shop\/fr\/wp-json\/wp\/v2\/media\/6278"}],"wp:attachment":[{"href":"https:\/\/westgem.shop\/fr\/wp-json\/wp\/v2\/media?parent=6277"}],"wp:term":[{"taxonomy":"region","embeddable":true,"href":"https:\/\/westgem.shop\/fr\/wp-json\/wp\/v2\/region?post=6277"},{"taxonomy":"product_brand","embeddable":true,"href":"https:\/\/westgem.shop\/fr\/wp-json\/wp\/v2\/product_brand?post=6277"},{"taxonomy":"product_cat","embeddable":true,"href":"https:\/\/westgem.shop\/fr\/wp-json\/wp\/v2\/product_cat?post=6277"},{"taxonomy":"product_tag","embeddable":true,"href":"https:\/\/westgem.shop\/fr\/wp-json\/wp\/v2\/product_tag?post=6277"}],"curies":[{"name":"wp","href":"https:\/\/api.w.org\/{rel}","templated":true}]}}