{"id":6281,"date":"2003-02-03T00:00:00","date_gmt":"2003-02-03T00:00:00","guid":{"rendered":"https:\/\/miners.rocks\/product\/kuenstler-oelgemaelde\/"},"modified":"2020-05-19T17:06:03","modified_gmt":"2020-05-19T17:06:03","slug":"artiste-peinture-a-lhuile","status":"publish","type":"product","link":"https:\/\/westgem.shop\/fr\/produit\/artiste-peinture-a-lhuile\/","title":{"rendered":"Artiste PANNEAUX \u00c0 L'HUILE"},"content":{"rendered":"<p>Par une artiste connue ( a travaill\u00e9 avec le professeur Ernst Fuchs) - Expositions aux USA, en France, en Chine ...... Travaill\u00e9 sp\u00e9cialement pour notre ancien magasin en 2002.<\/p>\n<p><u>Acrylique et huile sur toile, sign\u00e9 \u00e0 la main.<\/u><\/p>\n<p>Cadre en bois peint fait \u00e0 la main. De v\u00e9ritables CRISTAL DE MONTAGNE et des POINTS DE QUARTZ FUM\u00c9 sont incorpor\u00e9s dans l'image.<\/p>\n<p> L'image montre un niveau parfait de quartz fum\u00e9 alpin. En arri\u00e8re-plan, le Grossglockner.<\/p>","protected":false},"excerpt":{"rendered":"<p>Par une artiste connue ( a travaill\u00e9 avec le professeur Ernst Fuchs) - Expositions aux Etats-Unis, en France, en Chine ...... Travaill\u00e9 sp\u00e9cialement pour notre ancien magasin en 2002. Acrylique et huile sur toile, sign\u00e9e \u00e0 la main. Cadre en bois peint \u00e0 la main. Dans le tableau sont incorpor\u00e9s du v\u00e9ritable CRISTAL DE MONTAGNE et des POINTS DE QUARTZ FUM\u00c9. L'image montre un niveau parfait de quartz fum\u00e9 alpin. En arri\u00e8re-plan, le Grossglockner.<\/p>","protected":false},"featured_media":6282,"template":"","meta":{"_acf_changed":false},"region":[],"product_brand":[],"product_cat":[15],"product_tag":[],"class_list":{"0":"post-6281","1":"product","2":"type-product","3":"status-publish","4":"has-post-thumbnail","6":"product_cat-mineralien","8":"first","9":"outofstock","10":"sold-individually","11":"product-type-simple"},"acf":[],"_links":{"self":[{"href":"https:\/\/westgem.shop\/fr\/wp-json\/wp\/v2\/product\/6281","targetHints":{"allow":["GET"]}}],"collection":[{"href":"https:\/\/westgem.shop\/fr\/wp-json\/wp\/v2\/product"}],"about":[{"href":"https:\/\/westgem.shop\/fr\/wp-json\/wp\/v2\/types\/product"}],"wp:featuredmedia":[{"embeddable":true,"href":"https:\/\/westgem.shop\/fr\/wp-json\/wp\/v2\/media\/6282"}],"wp:attachment":[{"href":"https:\/\/westgem.shop\/fr\/wp-json\/wp\/v2\/media?parent=6281"}],"wp:term":[{"taxonomy":"region","embeddable":true,"href":"https:\/\/westgem.shop\/fr\/wp-json\/wp\/v2\/region?post=6281"},{"taxonomy":"product_brand","embeddable":true,"href":"https:\/\/westgem.shop\/fr\/wp-json\/wp\/v2\/product_brand?post=6281"},{"taxonomy":"product_cat","embeddable":true,"href":"https:\/\/westgem.shop\/fr\/wp-json\/wp\/v2\/product_cat?post=6281"},{"taxonomy":"product_tag","embeddable":true,"href":"https:\/\/westgem.shop\/fr\/wp-json\/wp\/v2\/product_tag?post=6281"}],"curies":[{"name":"wp","href":"https:\/\/api.w.org\/{rel}","templated":true}]}}