{"id":6286,"date":"2003-02-04T00:00:00","date_gmt":"2003-02-04T00:00:00","guid":{"rendered":"https:\/\/miners.rocks\/product\/edelopal-australien\/"},"modified":"2020-05-19T17:06:04","modified_gmt":"2020-05-19T17:06:04","slug":"edelopal-australie","status":"publish","type":"product","link":"https:\/\/westgem.shop\/fr\/produit\/edelopal-australie\/","title":{"rendered":"EDELOPAL - Australie"},"content":{"rendered":"<p>BOULDER EDEL OPAL de premi\u00e8re qualit\u00e9 - pierre brute<\/p>\n<p>De tr\u00e8s nombreux \"Green Spots\" \u00e9mergent des OPAL blancs-bleus.<\/p>\n<p>QUILPIE OPAL FIELDS<\/p>\n<p>Sud-Ouest QUEENSLAND<\/p>\n<p>Australie<\/p>\n<p>Poids : 25 g Dimensions : 4 x 3 x 1,5 cm<\/p>","protected":false},"excerpt":{"rendered":"<p>BOULDER EDEL OPAL - pierre brute de premi\u00e8re qualit\u00e9 De tr\u00e8s nombreux \"Green Spots\" brillent \u00e0 partir de l'OPAL blanc-bleu\u00e2tre. QUILPIE OPAL FIELDS South West QUEENSLAND Australie Poids : 25 g Dimensions : 4 x 3 x 1,5 cm<\/p>","protected":false},"featured_media":6287,"template":"","meta":{"_acf_changed":false},"region":[],"product_brand":[],"product_cat":[15],"product_tag":[],"class_list":{"0":"post-6286","1":"product","2":"type-product","3":"status-publish","4":"has-post-thumbnail","6":"product_cat-mineralien","8":"first","9":"outofstock","10":"sold-individually","11":"product-type-simple"},"acf":[],"_links":{"self":[{"href":"https:\/\/westgem.shop\/fr\/wp-json\/wp\/v2\/product\/6286","targetHints":{"allow":["GET"]}}],"collection":[{"href":"https:\/\/westgem.shop\/fr\/wp-json\/wp\/v2\/product"}],"about":[{"href":"https:\/\/westgem.shop\/fr\/wp-json\/wp\/v2\/types\/product"}],"wp:featuredmedia":[{"embeddable":true,"href":"https:\/\/westgem.shop\/fr\/wp-json\/wp\/v2\/media\/6287"}],"wp:attachment":[{"href":"https:\/\/westgem.shop\/fr\/wp-json\/wp\/v2\/media?parent=6286"}],"wp:term":[{"taxonomy":"region","embeddable":true,"href":"https:\/\/westgem.shop\/fr\/wp-json\/wp\/v2\/region?post=6286"},{"taxonomy":"product_brand","embeddable":true,"href":"https:\/\/westgem.shop\/fr\/wp-json\/wp\/v2\/product_brand?post=6286"},{"taxonomy":"product_cat","embeddable":true,"href":"https:\/\/westgem.shop\/fr\/wp-json\/wp\/v2\/product_cat?post=6286"},{"taxonomy":"product_tag","embeddable":true,"href":"https:\/\/westgem.shop\/fr\/wp-json\/wp\/v2\/product_tag?post=6286"}],"curies":[{"name":"wp","href":"https:\/\/api.w.org\/{rel}","templated":true}]}}