{"id":629,"date":"2000-03-26T00:00:00","date_gmt":"2000-03-26T00:00:00","guid":{"rendered":"https:\/\/miners.rocks\/product\/138\/"},"modified":"2020-05-19T16:55:50","modified_gmt":"2020-05-19T16:55:50","slug":"fougere-arborescente-petrifiee","status":"publish","type":"product","link":"https:\/\/westgem.shop\/fr\/produit\/fougere-arborescente-petrifiee\/","title":{"rendered":"Foug\u00e8re arborescente p\u00e9trifi\u00e9e"},"content":{"rendered":"<p>Description d\u00e9taill\u00e9e des foug\u00e8res chez FOURRES D'ARBRE - TITEA SINGULSRIS<\/p>\n<p>Cette pi\u00e8ce p\u00e8se 830 g (0,83 kg).<\/p>\n<p>Les dimensions : 12,5 cm de long, 9,5 cm de large, 4,5 cm d'\u00e9paisseur<\/p>","protected":false},"excerpt":{"rendered":"<p>Description d\u00e9taill\u00e9e des foug\u00e8res chez FOURRES D'ARBRE - TITEA SINGULSRIS Cette pi\u00e8ce p\u00e8se 830 g (0,83 kg). Dimensions : 12,5 cm de long, 9,5 cm de large, 4,5 cm d'\u00e9paisseur.<\/p>","protected":false},"featured_media":630,"template":"","meta":{"_acf_changed":false},"region":[],"product_brand":[],"product_cat":[15],"product_tag":[],"class_list":{"0":"post-629","1":"product","2":"type-product","3":"status-publish","4":"has-post-thumbnail","6":"product_cat-mineralien","8":"first","9":"outofstock","10":"sold-individually","11":"product-type-simple"},"acf":[],"_links":{"self":[{"href":"https:\/\/westgem.shop\/fr\/wp-json\/wp\/v2\/product\/629","targetHints":{"allow":["GET"]}}],"collection":[{"href":"https:\/\/westgem.shop\/fr\/wp-json\/wp\/v2\/product"}],"about":[{"href":"https:\/\/westgem.shop\/fr\/wp-json\/wp\/v2\/types\/product"}],"wp:featuredmedia":[{"embeddable":true,"href":"https:\/\/westgem.shop\/fr\/wp-json\/wp\/v2\/media\/630"}],"wp:attachment":[{"href":"https:\/\/westgem.shop\/fr\/wp-json\/wp\/v2\/media?parent=629"}],"wp:term":[{"taxonomy":"region","embeddable":true,"href":"https:\/\/westgem.shop\/fr\/wp-json\/wp\/v2\/region?post=629"},{"taxonomy":"product_brand","embeddable":true,"href":"https:\/\/westgem.shop\/fr\/wp-json\/wp\/v2\/product_brand?post=629"},{"taxonomy":"product_cat","embeddable":true,"href":"https:\/\/westgem.shop\/fr\/wp-json\/wp\/v2\/product_cat?post=629"},{"taxonomy":"product_tag","embeddable":true,"href":"https:\/\/westgem.shop\/fr\/wp-json\/wp\/v2\/product_tag?post=629"}],"curies":[{"name":"wp","href":"https:\/\/api.w.org\/{rel}","templated":true}]}}