{"id":6290,"date":"2003-02-05T00:00:00","date_gmt":"2003-02-05T00:00:00","guid":{"rendered":"https:\/\/miners.rocks\/product\/art-km245-dravit-xx\/"},"modified":"2020-05-19T17:06:05","modified_gmt":"2020-05-19T17:06:05","slug":"art-km245-dravit-xx","status":"publish","type":"product","link":"https:\/\/westgem.shop\/fr\/produit\/art-km245-dravit-xx\/","title":{"rendered":"Art. KM245 - DRAVIT xx"},"content":{"rendered":"<p>La premi\u00e8re station, donc la TYPLOCALIT\u00c9, est DOBROVA - UNTERDRAUBURG , \u00e0 l'extr\u00eame sud-est de la Carinthie. Aujourd'hui, l'ancienne zone de d\u00e9couverte se trouve juste au-dessus de la fronti\u00e8re en R\u00e9publique de Slov\u00e9nie - mais \u00e0 l'\u00e9poque, cette r\u00e9gion \u00e9tait autrichienne.<\/p>\n<p>D\u00e9crite pour la premi\u00e8re fois par le scientifique autrichien Prof. Tschermak en 1883.<\/p>\n<p>Le groupe TURMALIN, inconnu jusqu'alors, a \u00e9t\u00e9 une v\u00e9ritable r\u00e9v\u00e9lation min\u00e9rale. Les cristaux ont \u00e9t\u00e9 pr\u00e9sent\u00e9s dans des mus\u00e9es et des expositions du monde entier.<\/p>\n<p><u>MAGNESIUM TURMALINE de la vari\u00e9t\u00e9 DRAVIT xx<\/u><\/p>\n<p>Le nom vient de la rivi\u00e8re DRAU, qui coule du Tyrol du Sud au Danube en passant par la Carinthie et la Slov\u00e9nie. Et la Drave s'appelle DRAVE en Slov\u00e9nie - d'o\u00f9 le nom DRAVIT et qui s'applique \u00e0 TOUTES les TURMALINES de magn\u00e9sium, o\u00f9 qu'elles soient trouv\u00e9es dans le monde.<\/p>\n<p>Depuis plus de 40 ans, il n'y a PAS de d\u00e9couvertes dans le domaine de la TYPLOCALIT\u00c9.<\/p>\n<p>Cristaux de DRAVIT de couleur orange-brun dans une matrice de MUSCOVIT GLIMMER argent\u00e9e et brillante . <u>De la<\/u> <u>TYPLOCALIT\u00c9 ORIGINALE !<\/u><\/p>\n<p>Poids de la marche : 970 g, soit pr\u00e8s d'un kilogramme<\/p>\n<p>Dimensions : 15 x 12 x 8 cm xx \u00e0 2 cm<\/p>\n<p><u>TOP RARITAIRE !<\/u><\/p>","protected":false},"excerpt":{"rendered":"<p>La premi\u00e8re station, donc la TYPLOCALIT\u00c9, est DOBROVA - UNTERDRAUBURG , \u00e0 l'extr\u00eame sud-est de la Carinthie. Aujourd'hui, l'ancienne zone de d\u00e9couverte se trouve juste au-dessus de la fronti\u00e8re en R\u00e9publique de Slov\u00e9nie - mais \u00e0 l'\u00e9poque, cette r\u00e9gion \u00e9tait autrichienne. Le groupe TURMALIN, inconnu jusqu'alors, fut une d\u00e9couverte min\u00e9rale majeure. Il a fait sensation et la [...]<\/p>","protected":false},"featured_media":6291,"template":"","meta":{"_acf_changed":false},"region":[],"product_brand":[],"product_cat":[15],"product_tag":[],"class_list":{"0":"post-6290","1":"product","2":"type-product","3":"status-publish","4":"has-post-thumbnail","6":"product_cat-mineralien","8":"first","9":"outofstock","10":"sold-individually","11":"product-type-simple"},"acf":[],"_links":{"self":[{"href":"https:\/\/westgem.shop\/fr\/wp-json\/wp\/v2\/product\/6290","targetHints":{"allow":["GET"]}}],"collection":[{"href":"https:\/\/westgem.shop\/fr\/wp-json\/wp\/v2\/product"}],"about":[{"href":"https:\/\/westgem.shop\/fr\/wp-json\/wp\/v2\/types\/product"}],"wp:featuredmedia":[{"embeddable":true,"href":"https:\/\/westgem.shop\/fr\/wp-json\/wp\/v2\/media\/6291"}],"wp:attachment":[{"href":"https:\/\/westgem.shop\/fr\/wp-json\/wp\/v2\/media?parent=6290"}],"wp:term":[{"taxonomy":"region","embeddable":true,"href":"https:\/\/westgem.shop\/fr\/wp-json\/wp\/v2\/region?post=6290"},{"taxonomy":"product_brand","embeddable":true,"href":"https:\/\/westgem.shop\/fr\/wp-json\/wp\/v2\/product_brand?post=6290"},{"taxonomy":"product_cat","embeddable":true,"href":"https:\/\/westgem.shop\/fr\/wp-json\/wp\/v2\/product_cat?post=6290"},{"taxonomy":"product_tag","embeddable":true,"href":"https:\/\/westgem.shop\/fr\/wp-json\/wp\/v2\/product_tag?post=6290"}],"curies":[{"name":"wp","href":"https:\/\/api.w.org\/{rel}","templated":true}]}}