{"id":6296,"date":"2003-02-06T00:00:00","date_gmt":"2003-02-06T00:00:00","guid":{"rendered":"https:\/\/miners.rocks\/product\/lemonquarz-rohkristall\/"},"modified":"2020-05-19T17:06:06","modified_gmt":"2020-05-19T17:06:06","slug":"cristal-brut-de-lemonquarz","status":"publish","type":"product","link":"https:\/\/westgem.shop\/fr\/produit\/cristal-brut-de-lemonquarz\/","title":{"rendered":"\" LEMONQUARZ\" Cristal brut"},"content":{"rendered":"<p>Les cristaux qui apparaissent l\u00e9g\u00e8rement jaunes en raison d'inclusions microscopiques d'OXYDE DE FER sont appel\u00e9s quartz de LEMON. La question de savoir si cette coloration est naturelle n'a pas encore \u00e9t\u00e9 d\u00e9finitivement tranch\u00e9e. N\u00e9anmoins, des cristaux aussi clairs et brillants sont taill\u00e9s en bijoux et, comme ce premier cristal, facett\u00e9s.<\/p>\n<p>Mais les quartz de citron ne sont d\u00e9finitivement PAS de la citrine !<\/p>\n<p>La zone de d\u00e9couverte est une r\u00e9gion sp\u00e9cifique de l'IRAI - BRESIL - o\u00f9 l'on trouve ces \"quartz de citron\", mais pas en tr\u00e8s grand nombre.<\/p>\n<p>Poids : 205 g Dimensions : 10 x 4,5 x 4 cm<\/p>","protected":false},"excerpt":{"rendered":"<p>Les cristaux qui apparaissent l\u00e9g\u00e8rement jaunes en raison d'inclusions microscopiques d'OXYDE DE FER sont appel\u00e9s quartz de LEMON. La question de savoir si cette coloration est naturelle n'a pas encore \u00e9t\u00e9 d\u00e9finitivement tranch\u00e9e. N\u00e9anmoins, des cristaux aussi clairs et brillants sont taill\u00e9s en bijoux et, comme ce premier cristal, facett\u00e9s. Mais les quartz de Lemon ne sont d\u00e9finitivement PAS des citrines ! La zone de d\u00e9couverte est une [...]<\/p>","protected":false},"featured_media":6297,"template":"","meta":{"_acf_changed":false},"region":[],"product_brand":[],"product_cat":[15],"product_tag":[],"class_list":{"0":"post-6296","1":"product","2":"type-product","3":"status-publish","4":"has-post-thumbnail","6":"product_cat-mineralien","8":"first","9":"outofstock","10":"sold-individually","11":"product-type-simple"},"acf":[],"_links":{"self":[{"href":"https:\/\/westgem.shop\/fr\/wp-json\/wp\/v2\/product\/6296","targetHints":{"allow":["GET"]}}],"collection":[{"href":"https:\/\/westgem.shop\/fr\/wp-json\/wp\/v2\/product"}],"about":[{"href":"https:\/\/westgem.shop\/fr\/wp-json\/wp\/v2\/types\/product"}],"wp:featuredmedia":[{"embeddable":true,"href":"https:\/\/westgem.shop\/fr\/wp-json\/wp\/v2\/media\/6297"}],"wp:attachment":[{"href":"https:\/\/westgem.shop\/fr\/wp-json\/wp\/v2\/media?parent=6296"}],"wp:term":[{"taxonomy":"region","embeddable":true,"href":"https:\/\/westgem.shop\/fr\/wp-json\/wp\/v2\/region?post=6296"},{"taxonomy":"product_brand","embeddable":true,"href":"https:\/\/westgem.shop\/fr\/wp-json\/wp\/v2\/product_brand?post=6296"},{"taxonomy":"product_cat","embeddable":true,"href":"https:\/\/westgem.shop\/fr\/wp-json\/wp\/v2\/product_cat?post=6296"},{"taxonomy":"product_tag","embeddable":true,"href":"https:\/\/westgem.shop\/fr\/wp-json\/wp\/v2\/product_tag?post=6296"}],"curies":[{"name":"wp","href":"https:\/\/api.w.org\/{rel}","templated":true}]}}