{"id":6301,"date":"2003-02-07T00:00:00","date_gmt":"2003-02-07T00:00:00","guid":{"rendered":"https:\/\/miners.rocks\/product\/echte-jade-rohstein-2\/"},"modified":"2020-05-19T17:06:06","modified_gmt":"2020-05-19T17:06:06","slug":"veritable-pierre-brute-de-jade-2","status":"publish","type":"product","link":"https:\/\/westgem.shop\/fr\/produit\/veritable-pierre-brute-de-jade-2\/","title":{"rendered":"V\u00e9ritable JADE - pierre brute"},"content":{"rendered":"<p>Le v\u00e9ritable JADE du Var, la NEPHRITE. Seuls les min\u00e9raux JADEIT et NEPHRIT font partie du VRAI JADE.<\/p>\n<p>D'innombrables imitations, en particulier dans le domaine de la bijouterie.<\/p>\n<p>Pierre naturelle brute de la MINE CASSIE en COLOMBIE BRITANNIQUE<\/p>\n<p>CANADA<\/p>\n<p>Poids : 0,5 kilogramme Dimensions : 14 x 11 x 5 cm<\/p>","protected":false},"excerpt":{"rendered":"<p>Le v\u00e9ritable JADE du Var, la NEPHRITE. Seuls les min\u00e9raux JADEIT et NEPHRIT font partie du VRAI JADE. D'innombrables imitations, en particulier dans le domaine de la bijouterie. Pierre naturelle brute de la MINE CASSIE en COLOMBIE BRITANNIQUE CANADA Poids : 0,5 kilogramme Dimensions : 14 x 11 x 5 cm<\/p>","protected":false},"featured_media":6302,"template":"","meta":{"_acf_changed":false},"region":[],"product_brand":[],"product_cat":[15],"product_tag":[],"class_list":{"0":"post-6301","1":"product","2":"type-product","3":"status-publish","4":"has-post-thumbnail","6":"product_cat-mineralien","8":"first","9":"outofstock","10":"sold-individually","11":"product-type-simple"},"acf":[],"_links":{"self":[{"href":"https:\/\/westgem.shop\/fr\/wp-json\/wp\/v2\/product\/6301","targetHints":{"allow":["GET"]}}],"collection":[{"href":"https:\/\/westgem.shop\/fr\/wp-json\/wp\/v2\/product"}],"about":[{"href":"https:\/\/westgem.shop\/fr\/wp-json\/wp\/v2\/types\/product"}],"wp:featuredmedia":[{"embeddable":true,"href":"https:\/\/westgem.shop\/fr\/wp-json\/wp\/v2\/media\/6302"}],"wp:attachment":[{"href":"https:\/\/westgem.shop\/fr\/wp-json\/wp\/v2\/media?parent=6301"}],"wp:term":[{"taxonomy":"region","embeddable":true,"href":"https:\/\/westgem.shop\/fr\/wp-json\/wp\/v2\/region?post=6301"},{"taxonomy":"product_brand","embeddable":true,"href":"https:\/\/westgem.shop\/fr\/wp-json\/wp\/v2\/product_brand?post=6301"},{"taxonomy":"product_cat","embeddable":true,"href":"https:\/\/westgem.shop\/fr\/wp-json\/wp\/v2\/product_cat?post=6301"},{"taxonomy":"product_tag","embeddable":true,"href":"https:\/\/westgem.shop\/fr\/wp-json\/wp\/v2\/product_tag?post=6301"}],"curies":[{"name":"wp","href":"https:\/\/api.w.org\/{rel}","templated":true}]}}