{"id":6305,"date":"2003-02-08T00:00:00","date_gmt":"2003-02-08T00:00:00","guid":{"rendered":"https:\/\/miners.rocks\/product\/disthen-xx-saualpe\/"},"modified":"2020-05-19T17:06:07","modified_gmt":"2020-05-19T17:06:07","slug":"disthen-xx-saualpe","status":"publish","type":"product","link":"https:\/\/westgem.shop\/fr\/produit\/disthen-xx-saualpe\/","title":{"rendered":"DISTHEN xx - SAUALPE"},"content":{"rendered":"<p>><u>Cristaux bleus de DISTHENE en EKLOGIT<\/u><\/p>\n<p>De l'EKLOGIT TYPLOKALIT\u00e4T- Kupplerbrunn et Gertrusk sur la SAUALPE en Carinthie.<\/p>\n<p>L'EKLOGIT est une roche m\u00e9tamorphique relativement RARE, d'origine basaltique (volcanique). L'EKLOGIT est aussi le t\u00e9moin d'un ancien oc\u00e9an - que l'on trouve maintenant \u00e0 pr\u00e8s de 2.000 m\u00e8tres d'altitude !<\/p>\n<p>Elle est compos\u00e9e par exemple de GRANAT, de quartz, de DISTHENE, de RUTIL, de TITANITE, de PYRITE et de GLIMMER riche en lithium.<\/p>\n<p>L'EKLOGIT de la SAUALPE est \u00e2g\u00e9 d'environ 270 millions d'ann\u00e9es.<\/p>\n<p>Les sites de d\u00e9couverte de ces cristaux se trouvent au-dessus de la Steiner H\u00fctte, dans de gros blocs d'EKLOGIT. Malheureusement, tout est assez envahi par la v\u00e9g\u00e9tation, ce qui ne facilite pas la recherche des DISTHENE.<\/p>\n<p>Poids : 150 g Dimensions : 8 x 4 x 4 cm xx \u00e0 1 cm<\/p>","protected":false},"excerpt":{"rendered":"<p>&gt;Cristaux bleus de DISTHENE dans l'EKLOGITE De la TYPE EKLOGITE - Kupplerbrunn et Gertrusk sur le SAUALPE en Carinthie. L'EKLOGIT est une roche m\u00e9tamorphique relativement RARE, d'origine basaltique (volcanique). L'EKLOGIT est aussi le t\u00e9moin d'un ancien oc\u00e9an - que l'on trouve maintenant \u00e0 pr\u00e8s de 2.000 m\u00e8tres d'altitude ! Sa composition comprend par exemple du GRANAT, du quartz, du DISTHENE, du RUTIL, de la TITANITE, de la PYRITE [...].<\/p>","protected":false},"featured_media":6306,"template":"","meta":{"_acf_changed":false},"region":[],"product_brand":[],"product_cat":[15],"product_tag":[],"class_list":{"0":"post-6305","1":"product","2":"type-product","3":"status-publish","4":"has-post-thumbnail","6":"product_cat-mineralien","8":"first","9":"outofstock","10":"sold-individually","11":"product-type-simple"},"acf":[],"_links":{"self":[{"href":"https:\/\/westgem.shop\/fr\/wp-json\/wp\/v2\/product\/6305","targetHints":{"allow":["GET"]}}],"collection":[{"href":"https:\/\/westgem.shop\/fr\/wp-json\/wp\/v2\/product"}],"about":[{"href":"https:\/\/westgem.shop\/fr\/wp-json\/wp\/v2\/types\/product"}],"wp:featuredmedia":[{"embeddable":true,"href":"https:\/\/westgem.shop\/fr\/wp-json\/wp\/v2\/media\/6306"}],"wp:attachment":[{"href":"https:\/\/westgem.shop\/fr\/wp-json\/wp\/v2\/media?parent=6305"}],"wp:term":[{"taxonomy":"region","embeddable":true,"href":"https:\/\/westgem.shop\/fr\/wp-json\/wp\/v2\/region?post=6305"},{"taxonomy":"product_brand","embeddable":true,"href":"https:\/\/westgem.shop\/fr\/wp-json\/wp\/v2\/product_brand?post=6305"},{"taxonomy":"product_cat","embeddable":true,"href":"https:\/\/westgem.shop\/fr\/wp-json\/wp\/v2\/product_cat?post=6305"},{"taxonomy":"product_tag","embeddable":true,"href":"https:\/\/westgem.shop\/fr\/wp-json\/wp\/v2\/product_tag?post=6305"}],"curies":[{"name":"wp","href":"https:\/\/api.w.org\/{rel}","templated":true}]}}