{"id":6314,"date":"2003-02-10T00:00:00","date_gmt":"2003-02-10T00:00:00","guid":{"rendered":"https:\/\/miners.rocks\/product\/bergkristall-xx-erze\/"},"modified":"2020-05-19T17:06:08","modified_gmt":"2020-05-19T17:06:08","slug":"cristal-de-roche-xx-minerais","status":"publish","type":"product","link":"https:\/\/westgem.shop\/fr\/produit\/cristal-de-roche-xx-minerais\/","title":{"rendered":"CRISTAL DE MONTAGNE xx &amp; MINERAIS"},"content":{"rendered":"<p>Niveau cristallin typique du bassin minier de TREPCA<\/p>\n<p> De nombreux xx clairs et transparents en CRISTAL DE MONTAGNE avec des xx en SPHAL\u00c9RITE = BILLES DE ZINC aux reflets m\u00e9talliques et, sur la partie inf\u00e9rieure des marches, des xx massifs de CHALCOPYRIT = KUPFERKIES aux reflets dor\u00e9s.<\/p>\n<p>TREPCA - KOSOVO, mais le niveau est une ancienne d\u00e9couverte et provient donc de l'ex-Yougoslavie.<\/p>\n<p>Poids : 650 g Dimensions : 13,5 x 7 x 6 cm<\/p>","protected":false},"excerpt":{"rendered":"<p>Etape cristalline typique du bassin minier de TREPCA Beaucoup de CRISTAL MINIERE xx clair et transparent avec SPHALERITE xx = BILLES D'ETIN et \u00e0 la base de l'\u00e9tape, massive et xx de CHALCOPYRITE = KUPFERKIES dor\u00e9s et brillants. TREPCA - KOSOVO, la marche est toutefois une d\u00e9couverte ancienne et provient donc de l'ex-Yougoslavie. Poids : 650 g Dimensions : 13,5 x 7 x 6 [...]<\/p>","protected":false},"featured_media":6315,"template":"","meta":{"_acf_changed":false},"region":[],"product_brand":[],"product_cat":[15],"product_tag":[],"class_list":{"0":"post-6314","1":"product","2":"type-product","3":"status-publish","4":"has-post-thumbnail","6":"product_cat-mineralien","8":"first","9":"outofstock","10":"sold-individually","11":"product-type-simple"},"acf":[],"_links":{"self":[{"href":"https:\/\/westgem.shop\/fr\/wp-json\/wp\/v2\/product\/6314","targetHints":{"allow":["GET"]}}],"collection":[{"href":"https:\/\/westgem.shop\/fr\/wp-json\/wp\/v2\/product"}],"about":[{"href":"https:\/\/westgem.shop\/fr\/wp-json\/wp\/v2\/types\/product"}],"wp:featuredmedia":[{"embeddable":true,"href":"https:\/\/westgem.shop\/fr\/wp-json\/wp\/v2\/media\/6315"}],"wp:attachment":[{"href":"https:\/\/westgem.shop\/fr\/wp-json\/wp\/v2\/media?parent=6314"}],"wp:term":[{"taxonomy":"region","embeddable":true,"href":"https:\/\/westgem.shop\/fr\/wp-json\/wp\/v2\/region?post=6314"},{"taxonomy":"product_brand","embeddable":true,"href":"https:\/\/westgem.shop\/fr\/wp-json\/wp\/v2\/product_brand?post=6314"},{"taxonomy":"product_cat","embeddable":true,"href":"https:\/\/westgem.shop\/fr\/wp-json\/wp\/v2\/product_cat?post=6314"},{"taxonomy":"product_tag","embeddable":true,"href":"https:\/\/westgem.shop\/fr\/wp-json\/wp\/v2\/product_tag?post=6314"}],"curies":[{"name":"wp","href":"https:\/\/api.w.org\/{rel}","templated":true}]}}