{"id":6319,"date":"2003-02-11T00:00:00","date_gmt":"2003-02-11T00:00:00","guid":{"rendered":"https:\/\/miners.rocks\/product\/versteinerte-korallen-indien\/"},"modified":"2020-05-19T17:06:08","modified_gmt":"2020-05-19T17:06:08","slug":"corail-fossilise-indien","status":"publish","type":"product","link":"https:\/\/westgem.shop\/fr\/produit\/corail-fossilise-indien\/","title":{"rendered":"CORALLES fossilis\u00e9s - INDE"},"content":{"rendered":"<p>Magnifiques structures oolithiques. CORALLES PIERR\u00c9ES, blanc - beige \u00e0 rouge\u00e2tre en jaspe.<\/p>\n<p>Une demi-boule de jaspe taill\u00e9e, PAS polie. Mais serait bien \u00e0 polir.<\/p>\n<p>Le lieu de d\u00e9couverte est JAIPUR en INDE<\/p>\n<p>Poids : 740 g Dimensions : diam\u00e8tre 10 cm - hauteur 6 cm<\/p>","protected":false},"excerpt":{"rendered":"<p>Magnifiques structures oolithiques. CORALLES PIERR\u00c9ES, blanc - beige \u00e0 rouge\u00e2tre en jaspe. Une demi-boule de jaspe taill\u00e9e, NON polie. Mais serait bien \u00e0 polir. Le lieu de d\u00e9couverte est JAIPUR en INDE Poids : 740 g Dimensions : diam\u00e8tre 10 cm - hauteur 6 cm<\/p>","protected":false},"featured_media":6320,"template":"","meta":{"_acf_changed":false},"region":[],"product_brand":[],"product_cat":[15],"product_tag":[],"class_list":{"0":"post-6319","1":"product","2":"type-product","3":"status-publish","4":"has-post-thumbnail","6":"product_cat-mineralien","8":"first","9":"outofstock","10":"sold-individually","11":"product-type-simple"},"acf":[],"_links":{"self":[{"href":"https:\/\/westgem.shop\/fr\/wp-json\/wp\/v2\/product\/6319","targetHints":{"allow":["GET"]}}],"collection":[{"href":"https:\/\/westgem.shop\/fr\/wp-json\/wp\/v2\/product"}],"about":[{"href":"https:\/\/westgem.shop\/fr\/wp-json\/wp\/v2\/types\/product"}],"wp:featuredmedia":[{"embeddable":true,"href":"https:\/\/westgem.shop\/fr\/wp-json\/wp\/v2\/media\/6320"}],"wp:attachment":[{"href":"https:\/\/westgem.shop\/fr\/wp-json\/wp\/v2\/media?parent=6319"}],"wp:term":[{"taxonomy":"region","embeddable":true,"href":"https:\/\/westgem.shop\/fr\/wp-json\/wp\/v2\/region?post=6319"},{"taxonomy":"product_brand","embeddable":true,"href":"https:\/\/westgem.shop\/fr\/wp-json\/wp\/v2\/product_brand?post=6319"},{"taxonomy":"product_cat","embeddable":true,"href":"https:\/\/westgem.shop\/fr\/wp-json\/wp\/v2\/product_cat?post=6319"},{"taxonomy":"product_tag","embeddable":true,"href":"https:\/\/westgem.shop\/fr\/wp-json\/wp\/v2\/product_tag?post=6319"}],"curies":[{"name":"wp","href":"https:\/\/api.w.org\/{rel}","templated":true}]}}