{"id":6324,"date":"2003-02-12T00:00:00","date_gmt":"2003-02-12T00:00:00","guid":{"rendered":"https:\/\/miners.rocks\/product\/citrin-kongo\/"},"modified":"2020-05-19T17:06:09","modified_gmt":"2020-05-19T17:06:09","slug":"citrine-congo","status":"publish","type":"product","link":"https:\/\/westgem.shop\/fr\/produit\/citrine-congo\/","title":{"rendered":"CITRIN - Congo"},"content":{"rendered":"<p>CITRINE - Naturelle - NON calcin\u00e9e !<\/p>\n<p>Les CITRINES de ce gisement du Congo sont tr\u00e8s sombres - elles ressemblent visuellement \u00e0 du QUARTZ FUM\u00c9 mais sont JAUNES en lumi\u00e8re transmise.<\/p>\n<p>Les cristaux ne sont pas de qualit\u00e9 Faccetier TOP, ils manquent de brillance, mais ils sont int\u00e9ressants pour les collectionneurs de min\u00e9raux, car les CITRINES d'Afrique centrale sont plut\u00f4t rares.<\/p>\n<p>Poids : 78 g Dimensions : 5,5 x 5 x 3,5 cm<\/p>","protected":false},"excerpt":{"rendered":"<p>CITRINE - Naturelle - NON calcin\u00e9e ! Les CITRINES de ce gisement du Congo sont tr\u00e8s sombres - elles ressemblent visuellement \u00e0 du QUARTZ FUM\u00c9 mais sont JAUNES en lumi\u00e8re transmise. Les cristaux ne sont pas de qualit\u00e9 Faccetier TOP, ils manquent de brillance, mais ils sont int\u00e9ressants pour les collectionneurs de min\u00e9raux, car les CITRINES d'Afrique Centrale sont plut\u00f4t rares. Poids : 78 [...]<\/p>","protected":false},"featured_media":6325,"template":"","meta":{"_acf_changed":false},"region":[],"product_brand":[],"product_cat":[15],"product_tag":[],"class_list":{"0":"post-6324","1":"product","2":"type-product","3":"status-publish","4":"has-post-thumbnail","6":"product_cat-mineralien","8":"first","9":"outofstock","10":"sold-individually","11":"product-type-simple"},"acf":[],"_links":{"self":[{"href":"https:\/\/westgem.shop\/fr\/wp-json\/wp\/v2\/product\/6324","targetHints":{"allow":["GET"]}}],"collection":[{"href":"https:\/\/westgem.shop\/fr\/wp-json\/wp\/v2\/product"}],"about":[{"href":"https:\/\/westgem.shop\/fr\/wp-json\/wp\/v2\/types\/product"}],"wp:featuredmedia":[{"embeddable":true,"href":"https:\/\/westgem.shop\/fr\/wp-json\/wp\/v2\/media\/6325"}],"wp:attachment":[{"href":"https:\/\/westgem.shop\/fr\/wp-json\/wp\/v2\/media?parent=6324"}],"wp:term":[{"taxonomy":"region","embeddable":true,"href":"https:\/\/westgem.shop\/fr\/wp-json\/wp\/v2\/region?post=6324"},{"taxonomy":"product_brand","embeddable":true,"href":"https:\/\/westgem.shop\/fr\/wp-json\/wp\/v2\/product_brand?post=6324"},{"taxonomy":"product_cat","embeddable":true,"href":"https:\/\/westgem.shop\/fr\/wp-json\/wp\/v2\/product_cat?post=6324"},{"taxonomy":"product_tag","embeddable":true,"href":"https:\/\/westgem.shop\/fr\/wp-json\/wp\/v2\/product_tag?post=6324"}],"curies":[{"name":"wp","href":"https:\/\/api.w.org\/{rel}","templated":true}]}}