{"id":6328,"date":"2003-02-13T00:00:00","date_gmt":"2003-02-13T00:00:00","guid":{"rendered":"https:\/\/miners.rocks\/product\/citrin-x-kongo\/"},"modified":"2020-05-19T17:06:09","modified_gmt":"2020-05-19T17:06:09","slug":"citrine-x-congo","status":"publish","type":"product","link":"https:\/\/westgem.shop\/fr\/produit\/citrine-x-congo\/","title":{"rendered":"CITRINE x - Congo"},"content":{"rendered":"<p>CITRINE x<\/p>\n<p>NATURE, l\u00e9g\u00e8rement fum\u00e9 - <u>NON grav\u00e9 !<\/u><\/p>\n<p>Les VRAIES CITRINES sont des CRISTALES DE MONTAGNE, leur <u>jaune clair <\/u>La couleur provient des IONS DE FER int\u00e9gr\u00e9s dans le r\u00e9seau cristallin - La XITRINE naturelle est malheureusement RARE et les bonnes CITRINES brillantes qui conviennent pour la facette sont ch\u00e8res et se vendent au prix du CARAT.<\/p>\n<p>Cette CITRINE NATURELLE (bien s\u00fbr pas de qualit\u00e9 factice) provient de<\/p>\n<p>KABWE - Congo - AFRIQUE<\/p>\n<p>Poids : 52 g Dimensions : 6 x 4 cm<\/p>","protected":false},"excerpt":{"rendered":"<p>CITRINE x NATURE, l\u00e9g\u00e8rement fum\u00e9e - NON calcin\u00e9e ! La VRAIE CITRINE est un CRISTAL DE MONTAGNE, sa couleur jaune clair provient des IONS DE FER incorpor\u00e9s dans le r\u00e9seau cristallin - La XITRINE NATURE est malheureusement RARE et les bonnes CITRINES brillantes, adapt\u00e9es \u00e0 l'affinage, sont ch\u00e8res et se vendent au prix du CARAT. La CITRINE NATURELLE propos\u00e9e ici (pas de qualit\u00e9 pour la factice) [...].<\/p>","protected":false},"featured_media":6329,"template":"","meta":{"_acf_changed":false},"region":[],"product_brand":[],"product_cat":[15],"product_tag":[],"class_list":{"0":"post-6328","1":"product","2":"type-product","3":"status-publish","4":"has-post-thumbnail","6":"product_cat-mineralien","8":"first","9":"outofstock","10":"sold-individually","11":"product-type-simple"},"acf":[],"_links":{"self":[{"href":"https:\/\/westgem.shop\/fr\/wp-json\/wp\/v2\/product\/6328","targetHints":{"allow":["GET"]}}],"collection":[{"href":"https:\/\/westgem.shop\/fr\/wp-json\/wp\/v2\/product"}],"about":[{"href":"https:\/\/westgem.shop\/fr\/wp-json\/wp\/v2\/types\/product"}],"wp:featuredmedia":[{"embeddable":true,"href":"https:\/\/westgem.shop\/fr\/wp-json\/wp\/v2\/media\/6329"}],"wp:attachment":[{"href":"https:\/\/westgem.shop\/fr\/wp-json\/wp\/v2\/media?parent=6328"}],"wp:term":[{"taxonomy":"region","embeddable":true,"href":"https:\/\/westgem.shop\/fr\/wp-json\/wp\/v2\/region?post=6328"},{"taxonomy":"product_brand","embeddable":true,"href":"https:\/\/westgem.shop\/fr\/wp-json\/wp\/v2\/product_brand?post=6328"},{"taxonomy":"product_cat","embeddable":true,"href":"https:\/\/westgem.shop\/fr\/wp-json\/wp\/v2\/product_cat?post=6328"},{"taxonomy":"product_tag","embeddable":true,"href":"https:\/\/westgem.shop\/fr\/wp-json\/wp\/v2\/product_tag?post=6328"}],"curies":[{"name":"wp","href":"https:\/\/api.w.org\/{rel}","templated":true}]}}