{"id":6332,"date":"2003-02-14T00:00:00","date_gmt":"2003-02-14T00:00:00","guid":{"rendered":"https:\/\/miners.rocks\/product\/azurit-malachit-poellan\/"},"modified":"2020-05-19T17:06:11","modified_gmt":"2020-05-19T17:06:11","slug":"azurite-malachite-poellan","status":"publish","type":"product","link":"https:\/\/westgem.shop\/fr\/produit\/azurite-malachite-poellan\/","title":{"rendered":"AZURITE\/Malachite - P\u00d6LLAN"},"content":{"rendered":"<p><u>AZURIT xx et malachite<\/u><\/p>\n<p>Les deux min\u00e9raux CUIVRE, que l'on trouve souvent ensemble.<\/p>\n<p>Belle pi\u00e8ce justificative de l'ancienne mine de cuivre de P\u00f6LLAN - DRAUTAL<\/p>\n<p>Carinthie<\/p>\n<p>Poids : 70 g Dimensions : 5 x 5 x 3 cm<\/p>","protected":false},"excerpt":{"rendered":"<p>AZURITE xx et malachite Les deux min\u00e9raux de CUPPRE, qui se rencontrent souvent ensemble. Belle pi\u00e8ce justificative de l'ancienne mine de cuivre de P\u00f6LLAN - DRAUTAL Carinthie Poids : 70 g Dimensions : 5 x 5 x 3 cm<\/p>","protected":false},"featured_media":6333,"template":"","meta":{"_acf_changed":false},"region":[],"product_brand":[],"product_cat":[15],"product_tag":[],"class_list":{"0":"post-6332","1":"product","2":"type-product","3":"status-publish","4":"has-post-thumbnail","6":"product_cat-mineralien","8":"first","9":"outofstock","10":"sold-individually","11":"product-type-simple"},"acf":[],"_links":{"self":[{"href":"https:\/\/westgem.shop\/fr\/wp-json\/wp\/v2\/product\/6332","targetHints":{"allow":["GET"]}}],"collection":[{"href":"https:\/\/westgem.shop\/fr\/wp-json\/wp\/v2\/product"}],"about":[{"href":"https:\/\/westgem.shop\/fr\/wp-json\/wp\/v2\/types\/product"}],"wp:featuredmedia":[{"embeddable":true,"href":"https:\/\/westgem.shop\/fr\/wp-json\/wp\/v2\/media\/6333"}],"wp:attachment":[{"href":"https:\/\/westgem.shop\/fr\/wp-json\/wp\/v2\/media?parent=6332"}],"wp:term":[{"taxonomy":"region","embeddable":true,"href":"https:\/\/westgem.shop\/fr\/wp-json\/wp\/v2\/region?post=6332"},{"taxonomy":"product_brand","embeddable":true,"href":"https:\/\/westgem.shop\/fr\/wp-json\/wp\/v2\/product_brand?post=6332"},{"taxonomy":"product_cat","embeddable":true,"href":"https:\/\/westgem.shop\/fr\/wp-json\/wp\/v2\/product_cat?post=6332"},{"taxonomy":"product_tag","embeddable":true,"href":"https:\/\/westgem.shop\/fr\/wp-json\/wp\/v2\/product_tag?post=6332"}],"curies":[{"name":"wp","href":"https:\/\/api.w.org\/{rel}","templated":true}]}}