{"id":6337,"date":"2003-02-15T00:00:00","date_gmt":"2003-02-15T00:00:00","guid":{"rendered":"https:\/\/miners.rocks\/product\/baeumchen-calcit-3\/"},"modified":"2024-02-19T07:40:51","modified_gmt":"2024-02-19T07:40:51","slug":"baeumchen-calcit-3","status":"publish","type":"product","link":"https:\/\/westgem.shop\/fr\/produit\/baeumchen-calcit-3\/","title":{"rendered":"\"Arbre\" CALCIT"},"content":{"rendered":"<p>\"Arbre\" CALCIT<\/p>\n<p>Cette appellation sp\u00e9ciale est due aux DENDRITS MANGAN noirs ramifi\u00e9s dans du CALCAIRE blanc comme la neige.<\/p>\n<p>Les dendrites sont ins\u00e9r\u00e9es en trois dimensions et s'\u00e9tendent \u00e0 travers toute la pierre.<\/p>\n<p>Exceptionnel et Rarement vu.<\/p>\n<p>MONTAGNES DE L'ATLAS - AFRIQUE DU NORD<\/p>\n<p>Poids : 1,3 kilogramme Dimensions : 12 x 9 x 8 cm<\/p>","protected":false},"excerpt":{"rendered":"<p>\"Cette d\u00e9signation sp\u00e9ciale est due aux DENDRITES Noires de MANGAN, ramifi\u00e9es, dans le PATE CALCAIRE blanc comme la neige. Les dendrites sont ins\u00e9r\u00e9es en trois dimensions et s'\u00e9tendent sur toute la pierre. Exceptionnel et Rarement vu. MONTAGNE D'ATLASGE - AFRIQUE DU NORD Poids : 1,3 kilogramme Dimensions : 12 x 9 x 8 cm<\/p>","protected":false},"featured_media":6338,"template":"","meta":{"_acf_changed":false},"region":[],"product_brand":[],"product_cat":[15],"product_tag":[],"class_list":{"0":"post-6337","1":"product","2":"type-product","3":"status-publish","4":"has-post-thumbnail","6":"product_cat-mineralien","8":"first","9":"instock","10":"sold-individually","11":"product-type-simple"},"acf":[],"_links":{"self":[{"href":"https:\/\/westgem.shop\/fr\/wp-json\/wp\/v2\/product\/6337","targetHints":{"allow":["GET"]}}],"collection":[{"href":"https:\/\/westgem.shop\/fr\/wp-json\/wp\/v2\/product"}],"about":[{"href":"https:\/\/westgem.shop\/fr\/wp-json\/wp\/v2\/types\/product"}],"wp:featuredmedia":[{"embeddable":true,"href":"https:\/\/westgem.shop\/fr\/wp-json\/wp\/v2\/media\/6338"}],"wp:attachment":[{"href":"https:\/\/westgem.shop\/fr\/wp-json\/wp\/v2\/media?parent=6337"}],"wp:term":[{"taxonomy":"region","embeddable":true,"href":"https:\/\/westgem.shop\/fr\/wp-json\/wp\/v2\/region?post=6337"},{"taxonomy":"product_brand","embeddable":true,"href":"https:\/\/westgem.shop\/fr\/wp-json\/wp\/v2\/product_brand?post=6337"},{"taxonomy":"product_cat","embeddable":true,"href":"https:\/\/westgem.shop\/fr\/wp-json\/wp\/v2\/product_cat?post=6337"},{"taxonomy":"product_tag","embeddable":true,"href":"https:\/\/westgem.shop\/fr\/wp-json\/wp\/v2\/product_tag?post=6337"}],"curies":[{"name":"wp","href":"https:\/\/api.w.org\/{rel}","templated":true}]}}