{"id":6342,"date":"2003-02-16T00:00:00","date_gmt":"2003-02-16T00:00:00","guid":{"rendered":"https:\/\/miners.rocks\/product\/pyrit-hohe-tauern\/"},"modified":"2020-05-19T17:06:12","modified_gmt":"2020-05-19T17:06:12","slug":"pyrite-des-hohe-tauern","status":"publish","type":"product","link":"https:\/\/westgem.shop\/fr\/produit\/pyrite-des-hohe-tauern\/","title":{"rendered":"PYRIT - Hohe Tauern"},"content":{"rendered":"<p>Exceptionnel cristal PYRIT aux reflets dor\u00e9s<\/p>\n<p>dans un quartz jauni par l'OXYDE DE FER<\/p>\n<p>Le site \u00e9tait le GRAULEITEN S\u00fcd dans la r\u00e9gion d'ANKOGEL \u00e0 environ 2.850 m d'altitude.<\/p>\n<p>HOHE TAUERN - Carinthie<\/p>\n<p>Poids : 520 g Dimensions : 11 x 9 x 5 cm PYRIT mesure 3 cm de long<\/p>","protected":false},"excerpt":{"rendered":"<p>Exceptionnel cristal de PYRITE aux reflets dor\u00e9s dans un quartz jauni par l'OXYDE DE FER L'endroit de la d\u00e9couverte \u00e9tait le GRAULEITEN S\u00fcd dans la r\u00e9gion d'ANKOGEL \u00e0 environ 2.850 m HOHE TAUERN - Carinthie Poids : 520 g Dimensions : 11 x 9 x 5 cm La PYRITE mesure 3 cm de long<\/p>","protected":false},"featured_media":6343,"template":"","meta":{"_acf_changed":false},"region":[],"product_brand":[],"product_cat":[15],"product_tag":[],"class_list":{"0":"post-6342","1":"product","2":"type-product","3":"status-publish","4":"has-post-thumbnail","6":"product_cat-mineralien","8":"first","9":"outofstock","10":"sold-individually","11":"product-type-simple"},"acf":[],"_links":{"self":[{"href":"https:\/\/westgem.shop\/fr\/wp-json\/wp\/v2\/product\/6342","targetHints":{"allow":["GET"]}}],"collection":[{"href":"https:\/\/westgem.shop\/fr\/wp-json\/wp\/v2\/product"}],"about":[{"href":"https:\/\/westgem.shop\/fr\/wp-json\/wp\/v2\/types\/product"}],"wp:featuredmedia":[{"embeddable":true,"href":"https:\/\/westgem.shop\/fr\/wp-json\/wp\/v2\/media\/6343"}],"wp:attachment":[{"href":"https:\/\/westgem.shop\/fr\/wp-json\/wp\/v2\/media?parent=6342"}],"wp:term":[{"taxonomy":"region","embeddable":true,"href":"https:\/\/westgem.shop\/fr\/wp-json\/wp\/v2\/region?post=6342"},{"taxonomy":"product_brand","embeddable":true,"href":"https:\/\/westgem.shop\/fr\/wp-json\/wp\/v2\/product_brand?post=6342"},{"taxonomy":"product_cat","embeddable":true,"href":"https:\/\/westgem.shop\/fr\/wp-json\/wp\/v2\/product_cat?post=6342"},{"taxonomy":"product_tag","embeddable":true,"href":"https:\/\/westgem.shop\/fr\/wp-json\/wp\/v2\/product_tag?post=6342"}],"curies":[{"name":"wp","href":"https:\/\/api.w.org\/{rel}","templated":true}]}}