{"id":6346,"date":"2003-02-17T00:00:00","date_gmt":"2003-02-17T00:00:00","guid":{"rendered":"https:\/\/miners.rocks\/product\/dravit-xx-typlokalitaet-2\/"},"modified":"2020-05-19T17:06:13","modified_gmt":"2020-05-19T17:06:13","slug":"dravit-xx-localite-type-2","status":"publish","type":"product","link":"https:\/\/westgem.shop\/fr\/produit\/dravit-xx-localite-type-2\/","title":{"rendered":"DRAVIT xx - Localit\u00e9 type"},"content":{"rendered":"<p>\n\tTr\u00e8s nombreux cristaux DRAVIT jaune-orange dans une matrice MUSCOVIT argent\u00e9e brillante<\/p>\n<p>\n\tTOP RARIT\u00c9 de la localit\u00e9 type<\/p>\n<p>\n\tDRAVITE sont MAGNESIUM TURMALINE<\/p>\n<p>\n\tCe groupe de tourmalines inconnu jusqu'alors a fait sensation dans la min\u00e9ralogie et a \u00e9t\u00e9 pr\u00e9sent\u00e9 dans des expositions et des mus\u00e9es du monde entier. Le premier site est aussi le site type et se trouve \u00e0 l'extr\u00eame sud-est de la Carinthie - c'est l\u00e0 que coule la rivi\u00e8re DRAU en direction du Danube et de la mer Noire - le site se trouve aujourd'hui sur le territoire de la R\u00e9publique de Slov\u00e9nie et la rivi\u00e8re s'y appelle DRAVE - d'o\u00f9 le nom. Depuis plus de 40 ans, AUCUNE nouvelle d\u00e9couverte n'a \u00e9t\u00e9 faite \u00e0 cet endroit. xx<\/p>\n<p>\n\tLa derni\u00e8re photo montre l'arri\u00e8re de la marche.<\/p>\n<\/p>\n<p>\n\tDobrova - BASSE-DUBRIQUE - CAMPAGNE<\/p>\n<p>\n\tPoids : 560 g Dimensions:12 x 9 x 7 cm<\/p>","protected":false},"excerpt":{"rendered":"<p>De tr\u00e8s nombreux cristaux de DRAVITE jaune-orange dans une matrice de MUSCOVITE argent\u00e9e TOP RARIT\u00c9 de la localit\u00e9 type de DRAVITE sont des TURMALINES DE MAGNESIUM d\u00e9crites pour la premi\u00e8re fois par le scientifique autrichien Prof. Tschermak en 1883- Ce groupe de tourmalines jusqu'alors inconnu a fait sensation sur le plan min\u00e9ralogique et a \u00e9t\u00e9 pr\u00e9sent\u00e9 dans des expositions et des mus\u00e9es du monde entier. Le site de la premi\u00e8re d\u00e9couverte est aussi le site type et se trouve [...].<\/p>","protected":false},"featured_media":6347,"template":"","meta":{"_acf_changed":false},"region":[],"product_brand":[],"product_cat":[15],"product_tag":[],"class_list":{"0":"post-6346","1":"product","2":"type-product","3":"status-publish","4":"has-post-thumbnail","6":"product_cat-mineralien","8":"first","9":"outofstock","10":"sold-individually","11":"product-type-simple"},"acf":[],"_links":{"self":[{"href":"https:\/\/westgem.shop\/fr\/wp-json\/wp\/v2\/product\/6346","targetHints":{"allow":["GET"]}}],"collection":[{"href":"https:\/\/westgem.shop\/fr\/wp-json\/wp\/v2\/product"}],"about":[{"href":"https:\/\/westgem.shop\/fr\/wp-json\/wp\/v2\/types\/product"}],"wp:featuredmedia":[{"embeddable":true,"href":"https:\/\/westgem.shop\/fr\/wp-json\/wp\/v2\/media\/6347"}],"wp:attachment":[{"href":"https:\/\/westgem.shop\/fr\/wp-json\/wp\/v2\/media?parent=6346"}],"wp:term":[{"taxonomy":"region","embeddable":true,"href":"https:\/\/westgem.shop\/fr\/wp-json\/wp\/v2\/region?post=6346"},{"taxonomy":"product_brand","embeddable":true,"href":"https:\/\/westgem.shop\/fr\/wp-json\/wp\/v2\/product_brand?post=6346"},{"taxonomy":"product_cat","embeddable":true,"href":"https:\/\/westgem.shop\/fr\/wp-json\/wp\/v2\/product_cat?post=6346"},{"taxonomy":"product_tag","embeddable":true,"href":"https:\/\/westgem.shop\/fr\/wp-json\/wp\/v2\/product_tag?post=6346"}],"curies":[{"name":"wp","href":"https:\/\/api.w.org\/{rel}","templated":true}]}}