{"id":6350,"date":"2003-02-18T00:00:00","date_gmt":"2003-02-18T00:00:00","guid":{"rendered":"https:\/\/miners.rocks\/product\/dravit-xx-turmalin-typlokalitaet-2\/"},"modified":"2020-05-19T17:06:13","modified_gmt":"2020-05-19T17:06:13","slug":"dravit-xx-tourmaline-localite-2","status":"publish","type":"product","link":"https:\/\/westgem.shop\/fr\/produit\/dravit-xx-tourmaline-localite-2\/","title":{"rendered":"DRAVIT xx TURMALIN - Localit\u00e9 type"},"content":{"rendered":"<p>TOP ROI - Ne devrait manquer dans aucune collection !<\/p>\n<p><u>DRAVIT xx Magn\u00e9sium TURMALINE<\/u><\/p>\n<p>Nom d'apr\u00e8s le premier site de d\u00e9couverte ( TYPLOCALIT\u00c9), qui se trouve \u00e0 l'extr\u00eame sud-est de la Carinthie, pr\u00e8s d'Unterdrauburg.<\/p>\n<p>D\u00e9crite pour la premi\u00e8re fois par le scientifique autrichien Prof. Tschermak en 1883, cette vari\u00e9t\u00e9 de TURMALINE MARRON ORANGE, totalement inconnue \u00e0 l'\u00e9poque, a fait sensation en min\u00e9ralogie et les cristaux ont \u00e9t\u00e9 pr\u00e9sent\u00e9s dans de nombreux mus\u00e9es et expositions.<\/p>\n<p>Revenons sur le nom : La rivi\u00e8re DRAU s'\u00e9coule du Tyrol du Sud au Danube en passant par le Tyrol oriental, la Carinthie et la Slov\u00e9nie. Le site se trouvait \u00e0 DOBROVA\/UNTERDRAUBURG, pr\u00e8s de la Drave. Comme le site se trouve dans la r\u00e9gion linguistique slov\u00e8ne, la DRAU s'y appelle DRAVE - d'o\u00f9 le nom de DRAVIT.<\/p>\n<p>Beaucoup de beaux cristaux transparents DRAVIT = MAGNESIUM TURMALINE dans une matrice argent\u00e9e MUSCOVIT GLIMMER<\/p>\n<p><u>De la TYPLOCALIT\u00c9 - DOBROVA - BASSE-DRAUBOURGNE - Carinthie<\/u><\/p>\n<p><u>Depuis plus de 40 ans, AUCUNE d\u00e9couverte !<\/u><\/p>\n<p>Poids : 120 g Dimensions : 6 x 5,5 x 3 cm xx \u00e0 2 cm<\/p>","protected":false},"excerpt":{"rendered":"<p>TOP R\u00c9RIT\u00c9 - Ne devrait pas manquer dans une collection ! DRAVIT xx Magnesium TURMALINE Nom donn\u00e9 d'apr\u00e8s la premi\u00e8re station ( TYPLOKALIT\u00c4T), situ\u00e9e \u00e0 l'extr\u00eame sud-est de la Carinthie, pr\u00e8s d'Unterdrauburg. D\u00e9crite pour la premi\u00e8re fois par le scientifique autrichien Prof. Tschermak en 1883, cette vari\u00e9t\u00e9 de TURMALINE MARRON ORANGE, totalement inconnue jusqu'alors, \u00e9tait une sensation min\u00e9ralogique et les cristaux [...].<\/p>","protected":false},"featured_media":6351,"template":"","meta":{"_acf_changed":false},"region":[],"product_brand":[],"product_cat":[15],"product_tag":[],"class_list":{"0":"post-6350","1":"product","2":"type-product","3":"status-publish","4":"has-post-thumbnail","6":"product_cat-mineralien","8":"first","9":"outofstock","10":"sold-individually","11":"product-type-simple"},"acf":[],"_links":{"self":[{"href":"https:\/\/westgem.shop\/fr\/wp-json\/wp\/v2\/product\/6350","targetHints":{"allow":["GET"]}}],"collection":[{"href":"https:\/\/westgem.shop\/fr\/wp-json\/wp\/v2\/product"}],"about":[{"href":"https:\/\/westgem.shop\/fr\/wp-json\/wp\/v2\/types\/product"}],"wp:featuredmedia":[{"embeddable":true,"href":"https:\/\/westgem.shop\/fr\/wp-json\/wp\/v2\/media\/6351"}],"wp:attachment":[{"href":"https:\/\/westgem.shop\/fr\/wp-json\/wp\/v2\/media?parent=6350"}],"wp:term":[{"taxonomy":"region","embeddable":true,"href":"https:\/\/westgem.shop\/fr\/wp-json\/wp\/v2\/region?post=6350"},{"taxonomy":"product_brand","embeddable":true,"href":"https:\/\/westgem.shop\/fr\/wp-json\/wp\/v2\/product_brand?post=6350"},{"taxonomy":"product_cat","embeddable":true,"href":"https:\/\/westgem.shop\/fr\/wp-json\/wp\/v2\/product_cat?post=6350"},{"taxonomy":"product_tag","embeddable":true,"href":"https:\/\/westgem.shop\/fr\/wp-json\/wp\/v2\/product_tag?post=6350"}],"curies":[{"name":"wp","href":"https:\/\/api.w.org\/{rel}","templated":true}]}}