{"id":6354,"date":"2003-02-19T00:00:00","date_gmt":"2003-02-19T00:00:00","guid":{"rendered":"https:\/\/miners.rocks\/product\/spitzen-fossil-solnhofen\/"},"modified":"2020-05-19T17:06:14","modified_gmt":"2020-05-19T17:06:14","slug":"dentelles-fossiles-solnhofen","status":"publish","type":"product","link":"https:\/\/westgem.shop\/fr\/produit\/dentelles-fossiles-solnhofen\/","title":{"rendered":"FOSSILE DE POINTE - SOLNHOFEN"},"content":{"rendered":"<p><u>TOP TOP FOSSIL en QUALIT\u00c9 MUS\u00c9E absolue !<\/u><\/p>\n<p>Tr\u00e8s grand CANCER DE NAGEUR <\/p>\n<p><u>AEGER ANTRIPOS SPECIOSUS<\/u><\/p>\n<p>L'\u00e9crevisse est tr\u00e8s bien conserv\u00e9e et dans une plaque de PLAQUE ORIGINALE provenant d'un des plus c\u00e9l\u00e8bres sites fossilif\u00e8res du monde.<\/p>\n<p><u>SOLNHOFEN - ALLEMAGNE<\/u> ( c'est ici que l'on a trouv\u00e9 le fameux ARCHAEOPTERIX)<\/p>\n<p>Le cancer est <u>146 millions d'ann\u00e9es<\/u> et provient donc de l'\u00e8re g\u00e9ologique : JURA SUPERIEUR.<\/p>\n<p>localisation de la trouvaille : EICHST\u00c4TT - SOLNHOFEN - BAVIERE - ALLEMAGNE<\/p>\n<p>Des \u00e9crevisses aussi grandes ne sont que tr\u00e8s RAREMENT trouv\u00e9es \u00e0 SOLNHOFEN !<\/p>\n<p>Excellente pr\u00e9paration - SIMPLE PARFAIT !<\/p>\n<p>poids :<u> 4,5 kilogrammes<\/u><\/p>\n<p>Dimensions : Plateau = <u>48 x 44 cm<\/u> et 1 cm d'\u00e9paisseur<\/p>\n<p><u>L'\u00e9crevisse mesure 15 cm de long, ce qui est sensationnel<\/u><\/p>","protected":false},"excerpt":{"rendered":"<p>TOP TOP FOSSIL en QUALIT\u00c9 MUS\u00c9E absolue ! Tr\u00e8s grande \u00c9CRANE AEGER ANTRIPOS SPECIOSUS L'\u00e9crevisse est tr\u00e8s bien conserv\u00e9e et dans une plaque ORIGINALE en PLAQUE de l'un des sites fossilif\u00e8res les plus c\u00e9l\u00e8bres du monde. SOLNHOFEN - ALLEMAGNE (c'est l\u00e0 que le c\u00e9l\u00e8bre ARCHAEOPTERIX a \u00e9t\u00e9 trouv\u00e9) L'\u00e9crevisse a 146 millions d'ann\u00e9es et provient donc de [...].<\/p>","protected":false},"featured_media":6355,"template":"","meta":{"_acf_changed":false},"region":[],"product_brand":[],"product_cat":[15],"product_tag":[],"class_list":{"0":"post-6354","1":"product","2":"type-product","3":"status-publish","4":"has-post-thumbnail","6":"product_cat-mineralien","8":"first","9":"outofstock","10":"sold-individually","11":"product-type-simple"},"acf":[],"_links":{"self":[{"href":"https:\/\/westgem.shop\/fr\/wp-json\/wp\/v2\/product\/6354","targetHints":{"allow":["GET"]}}],"collection":[{"href":"https:\/\/westgem.shop\/fr\/wp-json\/wp\/v2\/product"}],"about":[{"href":"https:\/\/westgem.shop\/fr\/wp-json\/wp\/v2\/types\/product"}],"wp:featuredmedia":[{"embeddable":true,"href":"https:\/\/westgem.shop\/fr\/wp-json\/wp\/v2\/media\/6355"}],"wp:attachment":[{"href":"https:\/\/westgem.shop\/fr\/wp-json\/wp\/v2\/media?parent=6354"}],"wp:term":[{"taxonomy":"region","embeddable":true,"href":"https:\/\/westgem.shop\/fr\/wp-json\/wp\/v2\/region?post=6354"},{"taxonomy":"product_brand","embeddable":true,"href":"https:\/\/westgem.shop\/fr\/wp-json\/wp\/v2\/product_brand?post=6354"},{"taxonomy":"product_cat","embeddable":true,"href":"https:\/\/westgem.shop\/fr\/wp-json\/wp\/v2\/product_cat?post=6354"},{"taxonomy":"product_tag","embeddable":true,"href":"https:\/\/westgem.shop\/fr\/wp-json\/wp\/v2\/product_tag?post=6354"}],"curies":[{"name":"wp","href":"https:\/\/api.w.org\/{rel}","templated":true}]}}