{"id":6359,"date":"2003-02-20T00:00:00","date_gmt":"2003-02-20T00:00:00","guid":{"rendered":"https:\/\/miners.rocks\/product\/solnhofen-fossil\/"},"modified":"2020-05-19T17:06:14","modified_gmt":"2020-05-19T17:06:14","slug":"solnhofen-fossile","status":"publish","type":"product","link":"https:\/\/westgem.shop\/fr\/produit\/solnhofen-fossile\/","title":{"rendered":"SOLNHOFEN FOSSILE"},"content":{"rendered":"<p>\n\tProvient des c\u00e9l\u00e8bres carri\u00e8res de calcaire en plaques de SOLNHOFNER.<\/p>\n<p>\n\tRARITURE . Dans une grande plaque, on peut voir un CREUSE. C'est ainsi que les fossiles sont trouv\u00e9s. Seul l'\u0153il exerc\u00e9 des professionnels peut reconna\u00eetre les fossiles.<\/p>\n<p>\n\tCe n'est qu'une fois que les experts ont pr\u00e9par\u00e9 le fossile qu'il est reconnaissable pour tous.<\/p>\n<p>\n\tSuperbe plaque ORIGINALE - l'authenticit\u00e9 est d\u00e9montr\u00e9e par les DENDRITS MANGAN sur les bords de la plaque - devant et derri\u00e8re !<\/p>\n<p>\n\tChaque collectionneur de FOSSILES devrait \u00e9galement avoir un tel ORIGINAL \"NATURE\".<\/p>\n<p>\n\t\u00c2ge : 146 millions d'ann\u00e9es = Jurassique sup\u00e9rieur<\/p>\n<p>\n\tlocalisation de la trouvaille : EICHST\u00c4TT - SOLNHOFEN - ALLEMAGNE<\/p>\n<\/p>\n<p>\n\tPoids du panneau : 2,6 kilogrammes<\/p>\n<p>\n\tDimensions : 40 x 24 cm L'\u00e9paisseur de la plaque est de 1,3 cm<\/p>","protected":false},"excerpt":{"rendered":"<p>Provient des c\u00e9l\u00e8bres carri\u00e8res de calcaire en plaques de SOLNHOFN. RARITUDE. Dans une grande plaque, on peut voir un CREUSE. C'est ainsi que les fossiles sont trouv\u00e9s \u00e0 cet endroit. Seul l'\u0153il exerc\u00e9 des professionnels peut reconna\u00eetre les fossiles. Ce n'est qu'une fois que les sp\u00e9cialistes ont pr\u00e9par\u00e9 le fossile qu'il est reconnaissable pour tous. Superbe plaque ORIGINALE - les DENDRITS MANGAN montrent l'authenticit\u00e9 [...].<\/p>","protected":false},"featured_media":6360,"template":"","meta":{"_acf_changed":false},"region":[],"product_brand":[],"product_cat":[15],"product_tag":[],"class_list":{"0":"post-6359","1":"product","2":"type-product","3":"status-publish","4":"has-post-thumbnail","6":"product_cat-mineralien","8":"first","9":"outofstock","10":"sold-individually","11":"product-type-simple"},"acf":[],"_links":{"self":[{"href":"https:\/\/westgem.shop\/fr\/wp-json\/wp\/v2\/product\/6359","targetHints":{"allow":["GET"]}}],"collection":[{"href":"https:\/\/westgem.shop\/fr\/wp-json\/wp\/v2\/product"}],"about":[{"href":"https:\/\/westgem.shop\/fr\/wp-json\/wp\/v2\/types\/product"}],"wp:featuredmedia":[{"embeddable":true,"href":"https:\/\/westgem.shop\/fr\/wp-json\/wp\/v2\/media\/6360"}],"wp:attachment":[{"href":"https:\/\/westgem.shop\/fr\/wp-json\/wp\/v2\/media?parent=6359"}],"wp:term":[{"taxonomy":"region","embeddable":true,"href":"https:\/\/westgem.shop\/fr\/wp-json\/wp\/v2\/region?post=6359"},{"taxonomy":"product_brand","embeddable":true,"href":"https:\/\/westgem.shop\/fr\/wp-json\/wp\/v2\/product_brand?post=6359"},{"taxonomy":"product_cat","embeddable":true,"href":"https:\/\/westgem.shop\/fr\/wp-json\/wp\/v2\/product_cat?post=6359"},{"taxonomy":"product_tag","embeddable":true,"href":"https:\/\/westgem.shop\/fr\/wp-json\/wp\/v2\/product_tag?post=6359"}],"curies":[{"name":"wp","href":"https:\/\/api.w.org\/{rel}","templated":true}]}}