{"id":6368,"date":"2003-02-22T00:00:00","date_gmt":"2003-02-22T00:00:00","guid":{"rendered":"https:\/\/miners.rocks\/product\/septarie\/"},"modified":"2020-05-19T17:06:16","modified_gmt":"2020-05-19T17:06:16","slug":"septarie","status":"publish","type":"product","link":"https:\/\/westgem.shop\/fr\/produit\/septarie\/","title":{"rendered":"SEPTARIE"},"content":{"rendered":"<p>Les SEPTARIES sont appel\u00e9es CONCRETIONS CALCAIRES, dans les fissures et les cavit\u00e9s desquelles la CALCITE JAUNE s'est d\u00e9pos\u00e9e sous forme de frittage.<\/p>\n<p>Voici un demi-tube avec de tr\u00e8s belles CALCITES.<\/p>\n<p>Cette SEPTARIE est originaire de Madagascar.<\/p>\n<p>Poids : 310 g Dimensions : Diam\u00e8tre : 8,5 cm \u00c9paisseur 4 cm<\/p>","protected":false},"excerpt":{"rendered":"<p>Les SEPTARIES sont appel\u00e9es CONCRETIONS CALCAIRES, dans les fissures et les cavit\u00e9s desquelles la CALCITE JAUNE s'est d\u00e9pos\u00e9e sous forme de frittage. Ici, un demi-tube avec une tr\u00e8s belle CALCITE. Cette SEPTARIE provient de Madagascar. Poids : 310 g Dimensions : diam\u00e8tre : 8,5 cm \u00e9paisseur 4 cm<\/p>","protected":false},"featured_media":6369,"template":"","meta":{"_acf_changed":false},"region":[],"product_brand":[],"product_cat":[15],"product_tag":[],"class_list":{"0":"post-6368","1":"product","2":"type-product","3":"status-publish","4":"has-post-thumbnail","6":"product_cat-mineralien","8":"first","9":"outofstock","10":"sold-individually","11":"product-type-simple"},"acf":[],"_links":{"self":[{"href":"https:\/\/westgem.shop\/fr\/wp-json\/wp\/v2\/product\/6368","targetHints":{"allow":["GET"]}}],"collection":[{"href":"https:\/\/westgem.shop\/fr\/wp-json\/wp\/v2\/product"}],"about":[{"href":"https:\/\/westgem.shop\/fr\/wp-json\/wp\/v2\/types\/product"}],"wp:featuredmedia":[{"embeddable":true,"href":"https:\/\/westgem.shop\/fr\/wp-json\/wp\/v2\/media\/6369"}],"wp:attachment":[{"href":"https:\/\/westgem.shop\/fr\/wp-json\/wp\/v2\/media?parent=6368"}],"wp:term":[{"taxonomy":"region","embeddable":true,"href":"https:\/\/westgem.shop\/fr\/wp-json\/wp\/v2\/region?post=6368"},{"taxonomy":"product_brand","embeddable":true,"href":"https:\/\/westgem.shop\/fr\/wp-json\/wp\/v2\/product_brand?post=6368"},{"taxonomy":"product_cat","embeddable":true,"href":"https:\/\/westgem.shop\/fr\/wp-json\/wp\/v2\/product_cat?post=6368"},{"taxonomy":"product_tag","embeddable":true,"href":"https:\/\/westgem.shop\/fr\/wp-json\/wp\/v2\/product_tag?post=6368"}],"curies":[{"name":"wp","href":"https:\/\/api.w.org\/{rel}","templated":true}]}}