{"id":637,"date":"2000-03-28T00:00:00","date_gmt":"2000-03-28T00:00:00","guid":{"rendered":"https:\/\/miners.rocks\/product\/140\/"},"modified":"2020-05-19T16:55:51","modified_gmt":"2020-05-19T16:55:51","slug":"pyrite-cubique-parfaite-xx","status":"publish","type":"product","link":"https:\/\/westgem.shop\/fr\/produit\/pyrite-cubique-parfaite-xx\/","title":{"rendered":"PYRIT cubique parfait xx"},"content":{"rendered":"<p>De la mine Victoria de renomm\u00e9e mondiale \u00e0 Navajun - La Rioja - Espagne<\/p>\n<p>Superbe marche avec 3 cristaux PYRIT de premi\u00e8re qualit\u00e9 dans la roche m\u00e8re.<\/p>\n<p>Poids : 0,93 kg (930 g)<\/p>\n<p>Dimensions : 14 x 8 x 7 cm de pyrite , le plus grand cristal = 2,5 x 2,5 cm<\/p>","protected":false},"excerpt":{"rendered":"<p>De la mondialement c\u00e9l\u00e8bre mine Victoria \u00e0 Navajun - La Rioja - Espagne Superbe marche avec 3 cristaux de PYRITE de premi\u00e8re qualit\u00e9 dans la roche m\u00e8re. Poids : 0,93 kg (930 g) Dimensions : 14 x 8 x 7 cm Pyrite , le plus grand cristal = 2,5 x 2,5 cm<\/p>","protected":false},"featured_media":638,"template":"","meta":{"_acf_changed":false},"region":[],"product_brand":[],"product_cat":[15],"product_tag":[],"class_list":{"0":"post-637","1":"product","2":"type-product","3":"status-publish","4":"has-post-thumbnail","6":"product_cat-mineralien","8":"first","9":"outofstock","10":"sold-individually","11":"product-type-simple"},"acf":[],"_links":{"self":[{"href":"https:\/\/westgem.shop\/fr\/wp-json\/wp\/v2\/product\/637","targetHints":{"allow":["GET"]}}],"collection":[{"href":"https:\/\/westgem.shop\/fr\/wp-json\/wp\/v2\/product"}],"about":[{"href":"https:\/\/westgem.shop\/fr\/wp-json\/wp\/v2\/types\/product"}],"wp:featuredmedia":[{"embeddable":true,"href":"https:\/\/westgem.shop\/fr\/wp-json\/wp\/v2\/media\/638"}],"wp:attachment":[{"href":"https:\/\/westgem.shop\/fr\/wp-json\/wp\/v2\/media?parent=637"}],"wp:term":[{"taxonomy":"region","embeddable":true,"href":"https:\/\/westgem.shop\/fr\/wp-json\/wp\/v2\/region?post=637"},{"taxonomy":"product_brand","embeddable":true,"href":"https:\/\/westgem.shop\/fr\/wp-json\/wp\/v2\/product_brand?post=637"},{"taxonomy":"product_cat","embeddable":true,"href":"https:\/\/westgem.shop\/fr\/wp-json\/wp\/v2\/product_cat?post=637"},{"taxonomy":"product_tag","embeddable":true,"href":"https:\/\/westgem.shop\/fr\/wp-json\/wp\/v2\/product_tag?post=637"}],"curies":[{"name":"wp","href":"https:\/\/api.w.org\/{rel}","templated":true}]}}